{"id":2938,"date":"2021-09-26T14:40:26","date_gmt":"2021-09-26T14:40:26","guid":{"rendered":"https:\/\/clehaiti.org\/?page_id=2938"},"modified":"2021-09-26T14:49:39","modified_gmt":"2021-09-26T14:49:39","slug":"annual-report-2020","status":"publish","type":"page","link":"https:\/\/clehaiti.org\/fr\/annual-report-2020\/","title":{"rendered":"Annual Report 2020"},"content":{"rendered":"<div data-elementor-type=\"wp-page\" data-elementor-id=\"2938\" class=\"elementor elementor-2938\" data-elementor-post-type=\"page\">\n\t\t\t\t\t\t<header class=\"elementor-section elementor-top-section elementor-element elementor-element-2dd00cdd elementor-section-height-min-height elementor-section-stretched elementor-section-boxed elementor-section-height-default elementor-section-items-middle\" data-id=\"2dd00cdd\" data-element_type=\"section\" data-e-type=\"section\" data-settings=\"{&quot;background_background&quot;:&quot;classic&quot;,&quot;stretch_section&quot;:&quot;section-stretched&quot;}\">\n\t\t\t\t\t\t\t<div class=\"elementor-background-overlay\"><\/div>\n\t\t\t\t\t\t\t<div class=\"elementor-container elementor-column-gap-wider\">\n\t\t\t\t\t<div class=\"elementor-column elementor-col-100 elementor-top-column elementor-element elementor-element-450986b5 elementor-invisible\" data-id=\"450986b5\" data-element_type=\"column\" data-e-type=\"column\" data-settings=\"{&quot;background_background&quot;:&quot;classic&quot;,&quot;animation&quot;:&quot;fadeIn&quot;}\">\n\t\t\t<div class=\"elementor-widget-wrap elementor-element-populated\">\n\t\t\t\t\t\t<section class=\"elementor-section elementor-inner-section elementor-element elementor-element-5de138b elementor-section-boxed elementor-section-height-default elementor-section-height-default\" data-id=\"5de138b\" data-element_type=\"section\" data-e-type=\"section\">\n\t\t\t\t\t\t<div class=\"elementor-container elementor-column-gap-no\">\n\t\t\t\t\t<div class=\"elementor-column elementor-col-100 elementor-inner-column elementor-element elementor-element-2ff78c18\" data-id=\"2ff78c18\" data-element_type=\"column\" data-e-type=\"column\">\n\t\t\t<div class=\"elementor-widget-wrap elementor-element-populated\">\n\t\t\t\t\t\t<div class=\"elementor-element elementor-element-184fbde animated-fast elementor-invisible elementor-widget elementor-widget-heading\" data-id=\"184fbde\" data-element_type=\"widget\" data-e-type=\"widget\" data-settings=\"{&quot;_animation&quot;:&quot;zoomIn&quot;,&quot;_animation_delay&quot;:200}\" data-widget_type=\"heading.default\">\n\t\t\t\t<div class=\"elementor-widget-container\">\n\t\t\t\t\t<h2 class=\"elementor-heading-title elementor-size-default\">CLE-HAITI<\/h2>\t\t\t\t<\/div>\n\t\t\t\t<\/div>\n\t\t\t\t<div class=\"elementor-element elementor-element-27eddd80 elementor-widget-divider--view-line elementor-widget elementor-widget-divider\" data-id=\"27eddd80\" data-element_type=\"widget\" data-e-type=\"widget\" data-widget_type=\"divider.default\">\n\t\t\t\t<div class=\"elementor-widget-container\">\n\t\t\t\t\t\t\t<div class=\"elementor-divider\">\n\t\t\t<span class=\"elementor-divider-separator\">\n\t\t\t\t\t\t<\/span>\n\t\t<\/div>\n\t\t\t\t\t\t<\/div>\n\t\t\t\t<\/div>\n\t\t\t\t<div class=\"elementor-element elementor-element-4f7629ac elementor-widget elementor-widget-heading\" data-id=\"4f7629ac\" data-element_type=\"widget\" data-e-type=\"widget\" data-widget_type=\"heading.default\">\n\t\t\t\t<div class=\"elementor-widget-container\">\n\t\t\t\t\t<h1 class=\"elementor-heading-title elementor-size-default\">Annual Report 2020 <\/h1>\t\t\t\t<\/div>\n\t\t\t\t<\/div>\n\t\t\t\t\t<\/div>\n\t\t<\/div>\n\t\t\t\t\t<\/div>\n\t\t<\/section>\n\t\t\t\t<section class=\"elementor-section elementor-inner-section elementor-element elementor-element-7c3195d8 elementor-section-content-middle elementor-section-boxed elementor-section-height-default elementor-section-height-default\" data-id=\"7c3195d8\" data-element_type=\"section\" data-e-type=\"section\">\n\t\t\t\t\t\t<div class=\"elementor-container elementor-column-gap-no\">\n\t\t\t\t\t<div class=\"elementor-column elementor-col-100 elementor-inner-column elementor-element elementor-element-49e16fb6\" data-id=\"49e16fb6\" data-element_type=\"column\" data-e-type=\"column\">\n\t\t\t<div class=\"elementor-widget-wrap elementor-element-populated\">\n\t\t\t\t\t\t<div class=\"elementor-element elementor-element-64b30990 envato-kit-83-inline-block elementor-widget__width-auto elementor-widget elementor-widget-button\" data-id=\"64b30990\" data-element_type=\"widget\" data-e-type=\"widget\" data-widget_type=\"button.default\">\n\t\t\t\t<div class=\"elementor-widget-container\">\n\t\t\t\t\t\t\t\t\t<div class=\"elementor-button-wrapper\">\n\t\t\t\t\t<a class=\"elementor-button elementor-button-link elementor-size-md\" href=\"https:\/\/clehaiti.org\/wp-content\/uploads\/2021\/09\/CLE10YearReport-3.pdf\">\n\t\t\t\t\t\t<span class=\"elementor-button-content-wrapper\">\n\t\t\t\t\t\t<span class=\"elementor-button-icon\">\n\t\t\t\t<i aria-hidden=\"true\" class=\"fas fa-arrow-alt-circle-right\"><\/i>\t\t\t<\/span>\n\t\t\t\t\t\t\t\t\t<span class=\"elementor-button-text\">Download the English Version<\/span>\n\t\t\t\t\t<\/span>\n\t\t\t\t\t<\/a>\n\t\t\t\t<\/div>\n\t\t\t\t\t\t\t\t<\/div>\n\t\t\t\t<\/div>\n\t\t\t\t<div class=\"elementor-element elementor-element-2594d239 envato-kit-83-inline-block elementor-widget__width-auto elementor-widget elementor-widget-button\" data-id=\"2594d239\" data-element_type=\"widget\" data-e-type=\"widget\" data-widget_type=\"button.default\">\n\t\t\t\t<div class=\"elementor-widget-container\">\n\t\t\t\t\t\t\t\t\t<div class=\"elementor-button-wrapper\">\n\t\t\t\t\t<a class=\"elementor-button elementor-button-link elementor-size-md\" href=\"https:\/\/clehaiti.org\/wp-content\/uploads\/2021\/09\/CLERapo\u030010an.pdf\">\n\t\t\t\t\t\t<span class=\"elementor-button-content-wrapper\">\n\t\t\t\t\t\t<span class=\"elementor-button-icon\">\n\t\t\t\t<i aria-hidden=\"true\" class=\"fas fa-arrow-alt-circle-right\"><\/i>\t\t\t<\/span>\n\t\t\t\t\t\t\t\t\t<span class=\"elementor-button-text\">Download the Creole Version<\/span>\n\t\t\t\t\t<\/span>\n\t\t\t\t\t<\/a>\n\t\t\t\t<\/div>\n\t\t\t\t\t\t\t\t<\/div>\n\t\t\t\t<\/div>\n\t\t\t\t\t<\/div>\n\t\t<\/div>\n\t\t\t\t\t<\/div>\n\t\t<\/section>\n\t\t\t\t\t<\/div>\n\t\t<\/div>\n\t\t\t\t\t<\/div>\n\t\t<\/header>\n\t\t\t\t<section class=\"elementor-section elementor-top-section elementor-element elementor-element-11e1f29e elementor-section-boxed elementor-section-height-default elementor-section-height-default\" data-id=\"11e1f29e\" data-element_type=\"section\" data-e-type=\"section\" data-settings=\"{&quot;background_background&quot;:&quot;classic&quot;}\">\n\t\t\t\t\t\t\t<div class=\"elementor-background-overlay\"><\/div>\n\t\t\t\t\t\t\t<div class=\"elementor-container elementor-column-gap-default\">\n\t\t\t\t\t<div class=\"elementor-column elementor-col-16 elementor-top-column elementor-element elementor-element-7a07d7ca\" data-id=\"7a07d7ca\" data-element_type=\"column\" data-e-type=\"column\">\n\t\t\t<div class=\"elementor-widget-wrap\">\n\t\t\t\t\t\t\t<\/div>\n\t\t<\/div>\n\t\t\t\t<div class=\"elementor-column elementor-col-66 elementor-top-column elementor-element elementor-element-3b311e4e\" data-id=\"3b311e4e\" data-element_type=\"column\" data-e-type=\"column\">\n\t\t\t<div class=\"elementor-widget-wrap elementor-element-populated\">\n\t\t\t\t\t\t<div class=\"elementor-element elementor-element-77251359 animated-slow elementor-invisible elementor-widget elementor-widget-heading\" data-id=\"77251359\" data-element_type=\"widget\" data-e-type=\"widget\" data-settings=\"{&quot;_animation&quot;:&quot;fadeIn&quot;}\" data-widget_type=\"heading.default\">\n\t\t\t\t<div class=\"elementor-widget-container\">\n\t\t\t\t\t<h3 class=\"elementor-heading-title elementor-size-default\">CLE-HAITI<\/h3>\t\t\t\t<\/div>\n\t\t\t\t<\/div>\n\t\t\t\t<div class=\"elementor-element elementor-element-1504ee0 animated-slow elementor-invisible elementor-widget elementor-widget-heading\" data-id=\"1504ee0\" data-element_type=\"widget\" data-e-type=\"widget\" data-settings=\"{&quot;_animation&quot;:&quot;fadeIn&quot;}\" data-widget_type=\"heading.default\">\n\t\t\t\t<div class=\"elementor-widget-container\">\n\t\t\t\t\t<h1 class=\"elementor-heading-title elementor-size-default\">Nos Programmes<\/h1>\t\t\t\t<\/div>\n\t\t\t\t<\/div>\n\t\t\t\t<div class=\"elementor-element elementor-element-4f93ce0 animated-fast elementor-invisible elementor-widget elementor-widget-heading\" data-id=\"4f93ce0\" data-element_type=\"widget\" data-e-type=\"widget\" data-settings=\"{&quot;_animation&quot;:&quot;fadeIn&quot;,&quot;_animation_delay&quot;:200}\" data-widget_type=\"heading.default\">\n\t\t\t\t<div class=\"elementor-widget-container\">\n\t\t\t\t\t<h2 class=\"elementor-heading-title elementor-size-default\">Nous pensons que pour que le d\u00e9veloppement social et \u00e9conomique <br> soit r\u00e9ellement durable, il faut qu'il commence et soit dirig\u00e9 de l'int\u00e9rieur.<\/h2>\t\t\t\t<\/div>\n\t\t\t\t<\/div>\n\t\t\t\t<div class=\"elementor-element elementor-element-5b5834c elementor-align-center elementor-widget elementor-widget-button\" data-id=\"5b5834c\" data-element_type=\"widget\" data-e-type=\"widget\" data-widget_type=\"button.default\">\n\t\t\t\t<div class=\"elementor-widget-container\">\n\t\t\t\t\t\t\t\t\t<div class=\"elementor-button-wrapper\">\n\t\t\t\t\t<a class=\"elementor-button elementor-button-link elementor-size-sm\" href=\"\/fr\/programs\/\">\n\t\t\t\t\t\t<span class=\"elementor-button-content-wrapper\">\n\t\t\t\t\t\t\t\t\t<span class=\"elementor-button-text\">D\u00e9couvrez nos programmes<\/span>\n\t\t\t\t\t<\/span>\n\t\t\t\t\t<\/a>\n\t\t\t\t<\/div>\n\t\t\t\t\t\t\t\t<\/div>\n\t\t\t\t<\/div>\n\t\t\t\t\t<\/div>\n\t\t<\/div>\n\t\t\t\t<div class=\"elementor-column elementor-col-16 elementor-top-column elementor-element elementor-element-45fbbe62\" data-id=\"45fbbe62\" data-element_type=\"column\" data-e-type=\"column\">\n\t\t\t<div class=\"elementor-widget-wrap\">\n\t\t\t\t\t\t\t<\/div>\n\t\t<\/div>\n\t\t\t\t\t<\/div>\n\t\t<\/section>\n\t\t\t\t<\/div>","protected":false},"excerpt":{"rendered":"<p>CLE-HAITI Annual Report 2020 Download the English Version Download the Creole Version CLE-HAITI Our Programs We believe that for social and economic development to be truly sustainable it must start and be led from within. See Our Programs<\/p>","protected":false},"author":1,"featured_media":0,"parent":0,"menu_order":0,"comment_status":"closed","ping_status":"closed","template":"elementor_header_footer","meta":{"give_campaign_id":0,"neve_meta_sidebar":"","neve_meta_container":"","neve_meta_enable_content_width":"","neve_meta_content_width":0,"neve_meta_title_alignment":"","neve_meta_author_avatar":"","neve_post_elements_order":"","neve_meta_disable_header":"","neve_meta_disable_footer":"","neve_meta_disable_title":"","footnotes":""},"class_list":["post-2938","page","type-page","status-publish","hentry"],"yoast_head":"<!-- This site is optimized with the Yoast SEO plugin v27.5 - https:\/\/yoast.com\/product\/yoast-seo-wordpress\/ -->\n<title>Annual Report 2020 - CLE HAITI<\/title>\n<meta name=\"robots\" content=\"index, follow, max-snippet:-1, max-image-preview:large, max-video-preview:-1\" \/>\n<link rel=\"canonical\" href=\"https:\/\/clehaiti.org\/fr\/annual-report-2020\/\" \/>\n<meta property=\"og:locale\" content=\"fr_FR\" \/>\n<meta property=\"og:type\" content=\"article\" \/>\n<meta property=\"og:title\" content=\"Annual Report 2020 - CLE HAITI\" \/>\n<meta property=\"og:description\" content=\"CLE-HAITI Annual Report 2020 Download the English Version Download the Creole Version CLE-HAITI Our Programs We believe that for social and economic development to be truly sustainable it must start and be led from within. See Our Programs\" \/>\n<meta property=\"og:url\" content=\"https:\/\/clehaiti.org\/fr\/annual-report-2020\/\" \/>\n<meta property=\"og:site_name\" content=\"CLE HAITI\" \/>\n<meta property=\"article:modified_time\" content=\"2021-09-26T14:49:39+00:00\" \/>\n<meta name=\"twitter:card\" content=\"summary_large_image\" \/>\n<meta name=\"twitter:label1\" content=\"Dur\u00e9e de lecture estim\u00e9e\" \/>\n\t<meta name=\"twitter:data1\" content=\"1 minute\" \/>\n<script type=\"application\/ld+json\" class=\"yoast-schema-graph\">{\"@context\":\"https:\\\/\\\/schema.org\",\"@graph\":[{\"@type\":\"WebPage\",\"@id\":\"https:\\\/\\\/clehaiti.org\\\/annual-report-2020\\\/\",\"url\":\"https:\\\/\\\/clehaiti.org\\\/annual-report-2020\\\/\",\"name\":\"Annual Report 2020 - CLE HAITI\",\"isPartOf\":{\"@id\":\"https:\\\/\\\/clehaiti.org\\\/#website\"},\"datePublished\":\"2021-09-26T14:40:26+00:00\",\"dateModified\":\"2021-09-26T14:49:39+00:00\",\"breadcrumb\":{\"@id\":\"https:\\\/\\\/clehaiti.org\\\/annual-report-2020\\\/#breadcrumb\"},\"inLanguage\":\"fr-FR\",\"potentialAction\":[{\"@type\":\"ReadAction\",\"target\":[\"https:\\\/\\\/clehaiti.org\\\/annual-report-2020\\\/\"]}]},{\"@type\":\"BreadcrumbList\",\"@id\":\"https:\\\/\\\/clehaiti.org\\\/annual-report-2020\\\/#breadcrumb\",\"itemListElement\":[{\"@type\":\"ListItem\",\"position\":1,\"name\":\"Home\",\"item\":\"https:\\\/\\\/clehaiti.org\\\/\"},{\"@type\":\"ListItem\",\"position\":2,\"name\":\"Annual Report 2020\"}]},{\"@type\":\"WebSite\",\"@id\":\"https:\\\/\\\/clehaiti.org\\\/#website\",\"url\":\"https:\\\/\\\/clehaiti.org\\\/\",\"name\":\"CLE HAITI\",\"description\":\"Building a Social Change Leadership Plan for Haiti\",\"publisher\":{\"@id\":\"https:\\\/\\\/clehaiti.org\\\/#organization\"},\"potentialAction\":[{\"@type\":\"SearchAction\",\"target\":{\"@type\":\"EntryPoint\",\"urlTemplate\":\"https:\\\/\\\/clehaiti.org\\\/?s={search_term_string}\"},\"query-input\":{\"@type\":\"PropertyValueSpecification\",\"valueRequired\":true,\"valueName\":\"search_term_string\"}}],\"inLanguage\":\"fr-FR\"},{\"@type\":\"Organization\",\"@id\":\"https:\\\/\\\/clehaiti.org\\\/#organization\",\"name\":\"CLE HAITI\",\"url\":\"https:\\\/\\\/clehaiti.org\\\/\",\"logo\":{\"@type\":\"ImageObject\",\"inLanguage\":\"fr-FR\",\"@id\":\"https:\\\/\\\/clehaiti.org\\\/#\\\/schema\\\/logo\\\/image\\\/\",\"url\":\"https:\\\/\\\/clehaiti.org\\\/wp-content\\\/uploads\\\/2021\\\/09\\\/cropped-cle_logo_combined_official-1.png\",\"contentUrl\":\"https:\\\/\\\/clehaiti.org\\\/wp-content\\\/uploads\\\/2021\\\/09\\\/cropped-cle_logo_combined_official-1.png\",\"width\":7671,\"height\":2476,\"caption\":\"CLE HAITI\"},\"image\":{\"@id\":\"https:\\\/\\\/clehaiti.org\\\/#\\\/schema\\\/logo\\\/image\\\/\"}}]}<\/script>\n<!-- \/ Yoast SEO plugin. -->","yoast_head_json":{"title":"Annual Report 2020 - CLE HAITI","robots":{"index":"index","follow":"follow","max-snippet":"max-snippet:-1","max-image-preview":"max-image-preview:large","max-video-preview":"max-video-preview:-1"},"canonical":"https:\/\/clehaiti.org\/fr\/annual-report-2020\/","og_locale":"fr_FR","og_type":"article","og_title":"Annual Report 2020 - CLE HAITI","og_description":"CLE-HAITI Annual Report 2020 Download the English Version Download the Creole Version CLE-HAITI Our Programs We believe that for social and economic development to be truly sustainable it must start and be led from within. See Our Programs","og_url":"https:\/\/clehaiti.org\/fr\/annual-report-2020\/","og_site_name":"CLE HAITI","article_modified_time":"2021-09-26T14:49:39+00:00","twitter_card":"summary_large_image","twitter_misc":{"Dur\u00e9e de lecture estim\u00e9e":"1 minute"},"schema":{"@context":"https:\/\/schema.org","@graph":[{"@type":"WebPage","@id":"https:\/\/clehaiti.org\/annual-report-2020\/","url":"https:\/\/clehaiti.org\/annual-report-2020\/","name":"Annual Report 2020 - CLE HAITI","isPartOf":{"@id":"https:\/\/clehaiti.org\/#website"},"datePublished":"2021-09-26T14:40:26+00:00","dateModified":"2021-09-26T14:49:39+00:00","breadcrumb":{"@id":"https:\/\/clehaiti.org\/annual-report-2020\/#breadcrumb"},"inLanguage":"fr-FR","potentialAction":[{"@type":"ReadAction","target":["https:\/\/clehaiti.org\/annual-report-2020\/"]}]},{"@type":"BreadcrumbList","@id":"https:\/\/clehaiti.org\/annual-report-2020\/#breadcrumb","itemListElement":[{"@type":"ListItem","position":1,"name":"Home","item":"https:\/\/clehaiti.org\/"},{"@type":"ListItem","position":2,"name":"Annual Report 2020"}]},{"@type":"WebSite","@id":"https:\/\/clehaiti.org\/#website","url":"https:\/\/clehaiti.org\/","name":"CLE HAITI","description":"\u00c9laboration d'un plan de leadership pour le changement social en Ha\u00efti","publisher":{"@id":"https:\/\/clehaiti.org\/#organization"},"potentialAction":[{"@type":"SearchAction","target":{"@type":"EntryPoint","urlTemplate":"https:\/\/clehaiti.org\/?s={search_term_string}"},"query-input":{"@type":"PropertyValueSpecification","valueRequired":true,"valueName":"search_term_string"}}],"inLanguage":"fr-FR"},{"@type":"Organization","@id":"https:\/\/clehaiti.org\/#organization","name":"CLE HAITI","url":"https:\/\/clehaiti.org\/","logo":{"@type":"ImageObject","inLanguage":"fr-FR","@id":"https:\/\/clehaiti.org\/#\/schema\/logo\/image\/","url":"https:\/\/clehaiti.org\/wp-content\/uploads\/2021\/09\/cropped-cle_logo_combined_official-1.png","contentUrl":"https:\/\/clehaiti.org\/wp-content\/uploads\/2021\/09\/cropped-cle_logo_combined_official-1.png","width":7671,"height":2476,"caption":"CLE HAITI"},"image":{"@id":"https:\/\/clehaiti.org\/#\/schema\/logo\/image\/"}}]}},"campaignId":"","_links":{"self":[{"href":"https:\/\/clehaiti.org\/fr\/wp-json\/wp\/v2\/pages\/2938","targetHints":{"allow":["GET"]}}],"collection":[{"href":"https:\/\/clehaiti.org\/fr\/wp-json\/wp\/v2\/pages"}],"about":[{"href":"https:\/\/clehaiti.org\/fr\/wp-json\/wp\/v2\/types\/page"}],"author":[{"embeddable":true,"href":"https:\/\/clehaiti.org\/fr\/wp-json\/wp\/v2\/users\/1"}],"replies":[{"embeddable":true,"href":"https:\/\/clehaiti.org\/fr\/wp-json\/wp\/v2\/comments?post=2938"}],"version-history":[{"count":4,"href":"https:\/\/clehaiti.org\/fr\/wp-json\/wp\/v2\/pages\/2938\/revisions"}],"predecessor-version":[{"id":2945,"href":"https:\/\/clehaiti.org\/fr\/wp-json\/wp\/v2\/pages\/2938\/revisions\/2945"}],"wp:attachment":[{"href":"https:\/\/clehaiti.org\/fr\/wp-json\/wp\/v2\/media?parent=2938"}],"curies":[{"name":"wp","href":"https:\/\/api.w.org\/{rel}","templated":true}]}}