{"id":3486,"date":"2022-02-03T19:18:04","date_gmt":"2022-02-03T19:18:04","guid":{"rendered":"https:\/\/clehaiti.org\/?page_id=3486"},"modified":"2024-10-24T10:22:52","modified_gmt":"2024-10-24T14:22:52","slug":"opportunities","status":"publish","type":"page","link":"https:\/\/clehaiti.org\/fr\/opportunities\/","title":{"rendered":"Opportunit\u00e9s"},"content":{"rendered":"<div data-elementor-type=\"wp-page\" data-elementor-id=\"3486\" class=\"elementor elementor-3486\" data-elementor-post-type=\"page\">\n\t\t\t\t\t\t<header class=\"elementor-section elementor-top-section elementor-element elementor-element-e9d78a1 elementor-section-height-min-height elementor-section-stretched elementor-section-boxed elementor-section-height-default elementor-section-items-middle\" data-id=\"e9d78a1\" data-element_type=\"section\" data-e-type=\"section\" data-settings=\"{&quot;background_background&quot;:&quot;classic&quot;,&quot;stretch_section&quot;:&quot;section-stretched&quot;}\">\n\t\t\t\t\t\t\t<div class=\"elementor-background-overlay\"><\/div>\n\t\t\t\t\t\t\t<div class=\"elementor-container elementor-column-gap-wider\">\n\t\t\t\t\t<div class=\"elementor-column elementor-col-100 elementor-top-column elementor-element elementor-element-eb76ca1 elementor-invisible\" data-id=\"eb76ca1\" data-element_type=\"column\" data-e-type=\"column\" data-settings=\"{&quot;background_background&quot;:&quot;classic&quot;,&quot;animation&quot;:&quot;fadeIn&quot;}\">\n\t\t\t<div class=\"elementor-widget-wrap elementor-element-populated\">\n\t\t\t\t\t\t<section class=\"elementor-section elementor-inner-section elementor-element elementor-element-5af886b elementor-section-boxed elementor-section-height-default elementor-section-height-default\" data-id=\"5af886b\" data-element_type=\"section\" data-e-type=\"section\">\n\t\t\t\t\t\t<div class=\"elementor-container elementor-column-gap-no\">\n\t\t\t\t\t<div class=\"elementor-column elementor-col-100 elementor-inner-column elementor-element elementor-element-2f09473\" data-id=\"2f09473\" data-element_type=\"column\" data-e-type=\"column\">\n\t\t\t<div class=\"elementor-widget-wrap elementor-element-populated\">\n\t\t\t\t\t\t<div class=\"elementor-element elementor-element-278918a animated-fast elementor-invisible elementor-widget elementor-widget-heading\" data-id=\"278918a\" data-element_type=\"widget\" data-e-type=\"widget\" data-settings=\"{&quot;_animation&quot;:&quot;zoomIn&quot;,&quot;_animation_delay&quot;:200}\" data-widget_type=\"heading.default\">\n\t\t\t\t<div class=\"elementor-widget-container\">\n\t\t\t\t\t<h2 class=\"elementor-heading-title elementor-size-default\">CLE-HAITI<\/h2>\t\t\t\t<\/div>\n\t\t\t\t<\/div>\n\t\t\t\t<div class=\"elementor-element elementor-element-23eb7c5 elementor-widget-divider--view-line elementor-widget elementor-widget-divider\" data-id=\"23eb7c5\" data-element_type=\"widget\" data-e-type=\"widget\" data-widget_type=\"divider.default\">\n\t\t\t\t<div class=\"elementor-widget-container\">\n\t\t\t\t\t\t\t<div class=\"elementor-divider\">\n\t\t\t<span class=\"elementor-divider-separator\">\n\t\t\t\t\t\t<\/span>\n\t\t<\/div>\n\t\t\t\t\t\t<\/div>\n\t\t\t\t<\/div>\n\t\t\t\t<div class=\"elementor-element elementor-element-f774bfe elementor-widget elementor-widget-heading\" data-id=\"f774bfe\" data-element_type=\"widget\" data-e-type=\"widget\" data-widget_type=\"heading.default\">\n\t\t\t\t<div class=\"elementor-widget-container\">\n\t\t\t\t\t<h1 class=\"elementor-heading-title elementor-size-default\">Opportunit\u00e9s<\/h1>\t\t\t\t<\/div>\n\t\t\t\t<\/div>\n\t\t\t\t\t<\/div>\n\t\t<\/div>\n\t\t\t\t\t<\/div>\n\t\t<\/section>\n\t\t\t\t\t<\/div>\n\t\t<\/div>\n\t\t\t\t\t<\/div>\n\t\t<\/header>\n\t\t\t\t<section class=\"elementor-section elementor-top-section elementor-element elementor-element-dc8f0e4 elementor-section-boxed elementor-section-height-default elementor-section-height-default\" data-id=\"dc8f0e4\" data-element_type=\"section\" data-e-type=\"section\" data-settings=\"{&quot;background_background&quot;:&quot;classic&quot;}\">\n\t\t\t\t\t\t\t<div class=\"elementor-background-overlay\"><\/div>\n\t\t\t\t\t\t\t<div class=\"elementor-container elementor-column-gap-default\">\n\t\t\t\t\t<div class=\"elementor-column elementor-col-16 elementor-top-column elementor-element elementor-element-94fba4e\" data-id=\"94fba4e\" data-element_type=\"column\" data-e-type=\"column\">\n\t\t\t<div class=\"elementor-widget-wrap\">\n\t\t\t\t\t\t\t<\/div>\n\t\t<\/div>\n\t\t\t\t<div class=\"elementor-column elementor-col-66 elementor-top-column elementor-element elementor-element-5bfcce2\" data-id=\"5bfcce2\" data-element_type=\"column\" data-e-type=\"column\">\n\t\t\t<div class=\"elementor-widget-wrap elementor-element-populated\">\n\t\t\t\t\t\t<div class=\"elementor-element elementor-element-c7cc913 animated-slow elementor-invisible elementor-widget elementor-widget-heading\" data-id=\"c7cc913\" data-element_type=\"widget\" data-e-type=\"widget\" data-settings=\"{&quot;_animation&quot;:&quot;fadeIn&quot;}\" data-widget_type=\"heading.default\">\n\t\t\t\t<div class=\"elementor-widget-container\">\n\t\t\t\t\t<h1 class=\"elementor-heading-title elementor-size-default\">Opportunity Friday<\/h1>\t\t\t\t<\/div>\n\t\t\t\t<\/div>\n\t\t\t\t<div class=\"elementor-element elementor-element-9cc4eeb animated-fast elementor-widget__width-initial elementor-invisible elementor-widget elementor-widget-heading\" data-id=\"9cc4eeb\" data-element_type=\"widget\" data-e-type=\"widget\" data-settings=\"{&quot;_animation&quot;:&quot;fadeIn&quot;,&quot;_animation_delay&quot;:200}\" data-widget_type=\"heading.default\">\n\t\t\t\t<div class=\"elementor-widget-container\">\n\t\t\t\t\t<h2 class=\"elementor-heading-title elementor-size-default\">W ap ch\u00e8che op\u00f2tinite? Ou gen volonte pou aprann?\nOu bezwen ankadreman pou avansman akademik oubyen pwofesyon\u00e8l ou?\nVandredi Op\u00f2tinite se pou ou!!!\n\u201cVandedi Op\u00f2tinite\u201d se yon espas ki louvri pou tout j\u00e8n gason ak j\u00e8n fanm k ap chache anplwa, estaj, f\u00f2masyon.\nN ap pataje tou l\u00f2t op\u00f2tinite tankou: konferans, bous etid oubyen nenp\u00f2t l\u00f2t kalte ankadreman pou avansman akademik oubyen pwofesyon\u00e8l ou.\nN.B. : Ribrik sa gen pou objektif s\u00e8lman pou enf\u00f2me odyans nou sou tout op\u00f2tinite ki piblik. Se moun ki enterese yo ki dwe f\u00e8 tout swivi ki gen rap\u00f2 ak yo. CLE pa ka bay asirans sou dewoulman pwosesis la.\nLajen\u00e8s, jw\u00e8t pou ou!!!\n<\/h2>\t\t\t\t<\/div>\n\t\t\t\t<\/div>\n\t\t\t\t\t<\/div>\n\t\t<\/div>\n\t\t\t\t<div class=\"elementor-column elementor-col-16 elementor-top-column elementor-element elementor-element-3e4848a\" data-id=\"3e4848a\" data-element_type=\"column\" data-e-type=\"column\">\n\t\t\t<div class=\"elementor-widget-wrap\">\n\t\t\t\t\t\t\t<\/div>\n\t\t<\/div>\n\t\t\t\t\t<\/div>\n\t\t<\/section>\n\t\t\t\t<section class=\"elementor-section elementor-top-section elementor-element elementor-element-9ab5923 elementor-section-boxed elementor-section-height-default elementor-section-height-default\" data-id=\"9ab5923\" data-element_type=\"section\" data-e-type=\"section\">\n\t\t\t\t\t\t<div class=\"elementor-container elementor-column-gap-default\">\n\t\t\t\t\t<div class=\"elementor-column elementor-col-100 elementor-top-column elementor-element elementor-element-96cc40e\" data-id=\"96cc40e\" data-element_type=\"column\" data-e-type=\"column\">\n\t\t\t<div class=\"elementor-widget-wrap elementor-element-populated\">\n\t\t\t\t\t\t<div class=\"elementor-element elementor-element-4c3eba6 elementor-widget elementor-widget-shortcode\" data-id=\"4c3eba6\" data-element_type=\"widget\" data-e-type=\"widget\" data-widget_type=\"shortcode.default\">\n\t\t\t\t<div class=\"elementor-widget-container\">\n\t\t\t\t\t\t\t<div class=\"elementor-shortcode\"><div class=\"job_listings\" data-location=\"\" data-keywords=\"\" data-show_filters=\"true\" data-show_pagination=\"false\" data-per_page=\"10\" data-orderby=\"featured\" data-order=\"DESC\" data-categories=\"\" data-disable-form-state-storage=\"\" data-featured_first=\"false\" data-post_id=\"3486\" >\n<form class=\"job_filters\" action=\"\">\n\t\n\t<div class=\"search_jobs\">\n\t\t\n\t\t<div class=\"search_keywords\">\n\t\t\t<label for=\"search_keywords\">Mots-cl\u00e9s<\/label>\n\t\t\t<input type=\"text\" name=\"search_keywords\" id=\"search_keywords\" placeholder=\"Mots-cl\u00e9s\" value=\"\" \/>\n\t\t<\/div>\n\n\t\t<div class=\"search_location\">\n\t\t\t<label for=\"search_location\">Localisation<\/label>\n\t\t\t<input type=\"text\" name=\"search_location\" id=\"search_location\" placeholder=\"Localisation\" value=\"\" \/>\n\t\t<\/div>\n\n\t\t\t\t\t<div class=\"search_remote_position\">\n\t\t\t\t<input type=\"checkbox\" class=\"input-checkbox\" name=\"remote_position\" id=\"remote_position\" placeholder=\"Localisation\" value=\"1\"  \/>\n\t\t\t\t<label for=\"remote_position\" id=\"remote_position_label\">Postes en t\u00e9l\u00e9travail uniquement<\/label>\n\t\t\t<\/div>\n\t\t\n\t\t<div style=\"clear: both\"><\/div>\n\n\t\t\n\t\t\t\t\t<div class=\"search_submit\">\n\t\t\t\t<input type=\"submit\" value=\"Rechercher des offres d\u2019emploi\">\n\t\t\t<\/div>\n\t\t\n\t\t\t<\/div>\n\n\t\t<ul class=\"job_types\">\n\t\t\t\t\t<li><label for=\"job_type_freelance\" class=\"freelance\"><input type=\"checkbox\" name=\"filter_job_type[]\" value=\"freelance\"  checked='checked' id=\"job_type_freelance\" \/> Freelance<\/label><\/li>\n\t\t\t\t\t<li><label for=\"job_type_full-time\" class=\"full-time\"><input type=\"checkbox\" name=\"filter_job_type[]\" value=\"full-time\"  checked='checked' id=\"job_type_full-time\" \/> Full Time<\/label><\/li>\n\t\t\t\t\t<li><label for=\"job_type_internship\" class=\"internship\"><input type=\"checkbox\" name=\"filter_job_type[]\" value=\"internship\"  checked='checked' id=\"job_type_internship\" \/> Internship<\/label><\/li>\n\t\t\t\t\t<li><label for=\"job_type_part-time\" class=\"part-time\"><input type=\"checkbox\" name=\"filter_job_type[]\" value=\"part-time\"  checked='checked' id=\"job_type_part-time\" \/> Part Time<\/label><\/li>\n\t\t\t\t\t<li><label for=\"job_type_temporary\" class=\"temporary\"><input type=\"checkbox\" name=\"filter_job_type[]\" value=\"temporary\"  checked='checked' id=\"job_type_temporary\" \/> Temporary<\/label><\/li>\n\t\t\t<\/ul>\n\t<input type=\"hidden\" name=\"filter_job_type[]\" value=\"\" \/>\n<div class=\"showing_jobs\"><\/div><input type=\"hidden\" name=\"trp-form-language\" value=\"fr\"\/><\/form>\n\n\n<noscript>Votre navigateur ne supporte pas JavaScript, ou bien JavaScript est d\u00e9sactiv\u00e9. JavaScript doit \u00eatre activ\u00e9 pour pouvoir visualiser des postes.<\/noscript>\n<ul class=\"job_listings\">\n<\/ul>\n<a class=\"load_more_jobs\" href=\"#\" style=\"display:none;\"><strong>Afficher plus d\u2019offres<\/strong><\/a><\/div><\/div>\n\t\t\t\t\t\t<\/div>\n\t\t\t\t<\/div>\n\t\t\t\t\t<\/div>\n\t\t<\/div>\n\t\t\t\t\t<\/div>\n\t\t<\/section>\n\t\t\t\t<section class=\"elementor-section elementor-top-section elementor-element elementor-element-813a43a elementor-section-boxed elementor-section-height-default elementor-section-height-default\" data-id=\"813a43a\" data-element_type=\"section\" data-e-type=\"section\" data-settings=\"{&quot;background_background&quot;:&quot;classic&quot;}\">\n\t\t\t\t\t\t\t<div class=\"elementor-background-overlay\"><\/div>\n\t\t\t\t\t\t\t<div class=\"elementor-container elementor-column-gap-default\">\n\t\t\t\t\t<div class=\"elementor-column elementor-col-16 elementor-top-column elementor-element elementor-element-1fabedb\" data-id=\"1fabedb\" data-element_type=\"column\" data-e-type=\"column\">\n\t\t\t<div class=\"elementor-widget-wrap\">\n\t\t\t\t\t\t\t<\/div>\n\t\t<\/div>\n\t\t\t\t<div class=\"elementor-column elementor-col-66 elementor-top-column elementor-element elementor-element-9d9b740\" data-id=\"9d9b740\" data-element_type=\"column\" data-e-type=\"column\">\n\t\t\t<div class=\"elementor-widget-wrap elementor-element-populated\">\n\t\t\t\t\t\t<div class=\"elementor-element elementor-element-cab4f69 animated-slow elementor-invisible elementor-widget elementor-widget-heading\" data-id=\"cab4f69\" data-element_type=\"widget\" data-e-type=\"widget\" data-settings=\"{&quot;_animation&quot;:&quot;fadeIn&quot;}\" data-widget_type=\"heading.default\">\n\t\t\t\t<div class=\"elementor-widget-container\">\n\t\t\t\t\t<h3 class=\"elementor-heading-title elementor-size-default\">CLE-HAITI<\/h3>\t\t\t\t<\/div>\n\t\t\t\t<\/div>\n\t\t\t\t<div class=\"elementor-element elementor-element-4fe7003 animated-slow elementor-invisible elementor-widget elementor-widget-heading\" data-id=\"4fe7003\" data-element_type=\"widget\" data-e-type=\"widget\" data-settings=\"{&quot;_animation&quot;:&quot;fadeIn&quot;}\" data-widget_type=\"heading.default\">\n\t\t\t\t<div class=\"elementor-widget-container\">\n\t\t\t\t\t<h1 class=\"elementor-heading-title elementor-size-default\">Notre excellente \u00e9quipe<\/h1>\t\t\t\t<\/div>\n\t\t\t\t<\/div>\n\t\t\t\t<div class=\"elementor-element elementor-element-529495a animated-fast elementor-invisible elementor-widget elementor-widget-heading\" data-id=\"529495a\" data-element_type=\"widget\" data-e-type=\"widget\" data-settings=\"{&quot;_animation&quot;:&quot;fadeIn&quot;,&quot;_animation_delay&quot;:200}\" data-widget_type=\"heading.default\">\n\t\t\t\t<div class=\"elementor-widget-container\">\n\t\t\t\t\t<h2 class=\"elementor-heading-title elementor-size-default\">Rencontrez les personnes d\u00e9vou\u00e9es derri\u00e8re tout notre travail.<\/h2>\t\t\t\t<\/div>\n\t\t\t\t<\/div>\n\t\t\t\t<div class=\"elementor-element elementor-element-eba58de elementor-align-center elementor-widget elementor-widget-button\" data-id=\"eba58de\" data-element_type=\"widget\" data-e-type=\"widget\" data-widget_type=\"button.default\">\n\t\t\t\t<div class=\"elementor-widget-container\">\n\t\t\t\t\t\t\t\t\t<div class=\"elementor-button-wrapper\">\n\t\t\t\t\t<a class=\"elementor-button elementor-button-link elementor-size-sm\" href=\"https:\/\/clehaiti.org\/fr\/staff\/\">\n\t\t\t\t\t\t<span class=\"elementor-button-content-wrapper\">\n\t\t\t\t\t\t\t\t\t<span class=\"elementor-button-text\">D\u00e9couvrez notre \u00e9quipe<\/span>\n\t\t\t\t\t<\/span>\n\t\t\t\t\t<\/a>\n\t\t\t\t<\/div>\n\t\t\t\t\t\t\t\t<\/div>\n\t\t\t\t<\/div>\n\t\t\t\t\t<\/div>\n\t\t<\/div>\n\t\t\t\t<div class=\"elementor-column elementor-col-16 elementor-top-column elementor-element elementor-element-af073a2\" data-id=\"af073a2\" data-element_type=\"column\" data-e-type=\"column\">\n\t\t\t<div class=\"elementor-widget-wrap\">\n\t\t\t\t\t\t\t<\/div>\n\t\t<\/div>\n\t\t\t\t\t<\/div>\n\t\t<\/section>\n\t\t\t\t<\/div>","protected":false},"excerpt":{"rendered":"<p>CLE-HAITI Opportunities Opportunity Friday &#8220;Are you looking for opportunities? Do you have the willingness to learn? Do you need guidance for your academic or professional advancement? \u201cOpportunity Friday\u201d is for you!!! &#8216;Opportunity Friday&#8217; is a space open to all young men and women seeking jobs, internships, or training. We will also share other opportunities such&hellip;&nbsp;<a href=\"https:\/\/clehaiti.org\/fr\/opportunities\/\" rel=\"bookmark\">Lire la suite &raquo;<span class=\"screen-reader-text\">Opportunit\u00e9s<\/span><\/a><\/p>","protected":false},"author":7,"featured_media":0,"parent":0,"menu_order":0,"comment_status":"closed","ping_status":"closed","template":"elementor_header_footer","meta":{"give_campaign_id":0,"neve_meta_sidebar":"","neve_meta_container":"","neve_meta_enable_content_width":"","neve_meta_content_width":0,"neve_meta_title_alignment":"","neve_meta_author_avatar":"","neve_post_elements_order":"","neve_meta_disable_header":"","neve_meta_disable_footer":"","neve_meta_disable_title":"","footnotes":""},"class_list":["post-3486","page","type-page","status-publish","hentry"],"yoast_head":"<!-- This site is optimized with the Yoast SEO plugin v27.5 - https:\/\/yoast.com\/product\/yoast-seo-wordpress\/ -->\n<title>Opportunities - CLE HAITI<\/title>\n<meta name=\"robots\" content=\"index, follow, max-snippet:-1, max-image-preview:large, max-video-preview:-1\" \/>\n<link rel=\"canonical\" href=\"https:\/\/clehaiti.org\/fr\/opportunities\/\" \/>\n<meta property=\"og:locale\" content=\"fr_FR\" \/>\n<meta property=\"og:type\" content=\"article\" \/>\n<meta property=\"og:title\" content=\"Opportunities - CLE HAITI\" \/>\n<meta property=\"og:description\" content=\"CLE-HAITI Opportunities Opportunity Friday &#8220;Are you looking for opportunities? Do you have the willingness to learn? Do you need guidance for your academic or professional advancement? \u201cOpportunity Friday\u201d is for you!!! &#8216;Opportunity Friday&#8217; is a space open to all young men and women seeking jobs, internships, or training. We will also share other opportunities such&hellip;&nbsp;Lire la suite &raquo;Opportunities\" \/>\n<meta property=\"og:url\" content=\"https:\/\/clehaiti.org\/fr\/opportunities\/\" \/>\n<meta property=\"og:site_name\" content=\"CLE HAITI\" \/>\n<meta property=\"article:modified_time\" content=\"2024-10-24T14:22:52+00:00\" \/>\n<meta name=\"twitter:card\" content=\"summary_large_image\" \/>\n<meta name=\"twitter:label1\" content=\"Dur\u00e9e de lecture estim\u00e9e\" \/>\n\t<meta name=\"twitter:data1\" content=\"1 minute\" \/>\n<script type=\"application\/ld+json\" class=\"yoast-schema-graph\">{\"@context\":\"https:\\\/\\\/schema.org\",\"@graph\":[{\"@type\":\"WebPage\",\"@id\":\"https:\\\/\\\/clehaiti.org\\\/opportunities\\\/\",\"url\":\"https:\\\/\\\/clehaiti.org\\\/opportunities\\\/\",\"name\":\"Opportunities - CLE HAITI\",\"isPartOf\":{\"@id\":\"https:\\\/\\\/clehaiti.org\\\/#website\"},\"datePublished\":\"2022-02-03T19:18:04+00:00\",\"dateModified\":\"2024-10-24T14:22:52+00:00\",\"breadcrumb\":{\"@id\":\"https:\\\/\\\/clehaiti.org\\\/opportunities\\\/#breadcrumb\"},\"inLanguage\":\"fr-FR\",\"potentialAction\":[{\"@type\":\"ReadAction\",\"target\":[\"https:\\\/\\\/clehaiti.org\\\/opportunities\\\/\"]}]},{\"@type\":\"BreadcrumbList\",\"@id\":\"https:\\\/\\\/clehaiti.org\\\/opportunities\\\/#breadcrumb\",\"itemListElement\":[{\"@type\":\"ListItem\",\"position\":1,\"name\":\"Home\",\"item\":\"https:\\\/\\\/clehaiti.org\\\/\"},{\"@type\":\"ListItem\",\"position\":2,\"name\":\"Opportunities\"}]},{\"@type\":\"WebSite\",\"@id\":\"https:\\\/\\\/clehaiti.org\\\/#website\",\"url\":\"https:\\\/\\\/clehaiti.org\\\/\",\"name\":\"CLE HAITI\",\"description\":\"Building a Social Change Leadership Plan for Haiti\",\"publisher\":{\"@id\":\"https:\\\/\\\/clehaiti.org\\\/#organization\"},\"potentialAction\":[{\"@type\":\"SearchAction\",\"target\":{\"@type\":\"EntryPoint\",\"urlTemplate\":\"https:\\\/\\\/clehaiti.org\\\/?s={search_term_string}\"},\"query-input\":{\"@type\":\"PropertyValueSpecification\",\"valueRequired\":true,\"valueName\":\"search_term_string\"}}],\"inLanguage\":\"fr-FR\"},{\"@type\":\"Organization\",\"@id\":\"https:\\\/\\\/clehaiti.org\\\/#organization\",\"name\":\"CLE HAITI\",\"url\":\"https:\\\/\\\/clehaiti.org\\\/\",\"logo\":{\"@type\":\"ImageObject\",\"inLanguage\":\"fr-FR\",\"@id\":\"https:\\\/\\\/clehaiti.org\\\/#\\\/schema\\\/logo\\\/image\\\/\",\"url\":\"https:\\\/\\\/clehaiti.org\\\/wp-content\\\/uploads\\\/2021\\\/09\\\/cropped-cle_logo_combined_official-1.png\",\"contentUrl\":\"https:\\\/\\\/clehaiti.org\\\/wp-content\\\/uploads\\\/2021\\\/09\\\/cropped-cle_logo_combined_official-1.png\",\"width\":7671,\"height\":2476,\"caption\":\"CLE HAITI\"},\"image\":{\"@id\":\"https:\\\/\\\/clehaiti.org\\\/#\\\/schema\\\/logo\\\/image\\\/\"}}]}<\/script>\n<!-- \/ Yoast SEO plugin. -->","yoast_head_json":{"title":"Opportunities - CLE HAITI","robots":{"index":"index","follow":"follow","max-snippet":"max-snippet:-1","max-image-preview":"max-image-preview:large","max-video-preview":"max-video-preview:-1"},"canonical":"https:\/\/clehaiti.org\/fr\/opportunities\/","og_locale":"fr_FR","og_type":"article","og_title":"Opportunities - CLE HAITI","og_description":"CLE-HAITI Opportunities Opportunity Friday &#8220;Are you looking for opportunities? Do you have the willingness to learn? Do you need guidance for your academic or professional advancement? \u201cOpportunity Friday\u201d is for you!!! &#8216;Opportunity Friday&#8217; is a space open to all young men and women seeking jobs, internships, or training. We will also share other opportunities such&hellip;&nbsp;Lire la suite &raquo;Opportunities","og_url":"https:\/\/clehaiti.org\/fr\/opportunities\/","og_site_name":"CLE HAITI","article_modified_time":"2024-10-24T14:22:52+00:00","twitter_card":"summary_large_image","twitter_misc":{"Dur\u00e9e de lecture estim\u00e9e":"1 minute"},"schema":{"@context":"https:\/\/schema.org","@graph":[{"@type":"WebPage","@id":"https:\/\/clehaiti.org\/opportunities\/","url":"https:\/\/clehaiti.org\/opportunities\/","name":"Opportunities - CLE HAITI","isPartOf":{"@id":"https:\/\/clehaiti.org\/#website"},"datePublished":"2022-02-03T19:18:04+00:00","dateModified":"2024-10-24T14:22:52+00:00","breadcrumb":{"@id":"https:\/\/clehaiti.org\/opportunities\/#breadcrumb"},"inLanguage":"fr-FR","potentialAction":[{"@type":"ReadAction","target":["https:\/\/clehaiti.org\/opportunities\/"]}]},{"@type":"BreadcrumbList","@id":"https:\/\/clehaiti.org\/opportunities\/#breadcrumb","itemListElement":[{"@type":"ListItem","position":1,"name":"Home","item":"https:\/\/clehaiti.org\/"},{"@type":"ListItem","position":2,"name":"Opportunities"}]},{"@type":"WebSite","@id":"https:\/\/clehaiti.org\/#website","url":"https:\/\/clehaiti.org\/","name":"CLE HAITI","description":"\u00c9laboration d'un plan de leadership pour le changement social en Ha\u00efti","publisher":{"@id":"https:\/\/clehaiti.org\/#organization"},"potentialAction":[{"@type":"SearchAction","target":{"@type":"EntryPoint","urlTemplate":"https:\/\/clehaiti.org\/?s={search_term_string}"},"query-input":{"@type":"PropertyValueSpecification","valueRequired":true,"valueName":"search_term_string"}}],"inLanguage":"fr-FR"},{"@type":"Organization","@id":"https:\/\/clehaiti.org\/#organization","name":"CLE HAITI","url":"https:\/\/clehaiti.org\/","logo":{"@type":"ImageObject","inLanguage":"fr-FR","@id":"https:\/\/clehaiti.org\/#\/schema\/logo\/image\/","url":"https:\/\/clehaiti.org\/wp-content\/uploads\/2021\/09\/cropped-cle_logo_combined_official-1.png","contentUrl":"https:\/\/clehaiti.org\/wp-content\/uploads\/2021\/09\/cropped-cle_logo_combined_official-1.png","width":7671,"height":2476,"caption":"CLE HAITI"},"image":{"@id":"https:\/\/clehaiti.org\/#\/schema\/logo\/image\/"}}]}},"campaignId":"","_links":{"self":[{"href":"https:\/\/clehaiti.org\/fr\/wp-json\/wp\/v2\/pages\/3486","targetHints":{"allow":["GET"]}}],"collection":[{"href":"https:\/\/clehaiti.org\/fr\/wp-json\/wp\/v2\/pages"}],"about":[{"href":"https:\/\/clehaiti.org\/fr\/wp-json\/wp\/v2\/types\/page"}],"author":[{"embeddable":true,"href":"https:\/\/clehaiti.org\/fr\/wp-json\/wp\/v2\/users\/7"}],"replies":[{"embeddable":true,"href":"https:\/\/clehaiti.org\/fr\/wp-json\/wp\/v2\/comments?post=3486"}],"version-history":[{"count":47,"href":"https:\/\/clehaiti.org\/fr\/wp-json\/wp\/v2\/pages\/3486\/revisions"}],"predecessor-version":[{"id":6335,"href":"https:\/\/clehaiti.org\/fr\/wp-json\/wp\/v2\/pages\/3486\/revisions\/6335"}],"wp:attachment":[{"href":"https:\/\/clehaiti.org\/fr\/wp-json\/wp\/v2\/media?parent=3486"}],"curies":[{"name":"wp","href":"https:\/\/api.w.org\/{rel}","templated":true}]}}