{"id":4629,"date":"2022-09-05T15:08:06","date_gmt":"2022-09-05T15:08:06","guid":{"rendered":"https:\/\/clehaiti.org\/?page_id=4629"},"modified":"2022-09-05T15:18:08","modified_gmt":"2022-09-05T15:18:08","slug":"lide-kominote-angaje","status":"publish","type":"page","link":"https:\/\/clehaiti.org\/fr\/lide-kominote-angaje\/","title":{"rendered":"Lid\u00e8 kominot\u00e8  Angaje"},"content":{"rendered":"<div data-elementor-type=\"wp-page\" data-elementor-id=\"4629\" class=\"elementor elementor-4629\" data-elementor-post-type=\"page\">\n\t\t\t\t\t\t<section class=\"elementor-section elementor-top-section elementor-element elementor-element-336764ea elementor-section-height-min-height elementor-section-stretched elementor-section-boxed elementor-section-height-default elementor-section-items-middle\" data-id=\"336764ea\" data-element_type=\"section\" data-e-type=\"section\" data-settings=\"{&quot;shape_divider_top&quot;:&quot;wave-brush&quot;,&quot;background_background&quot;:&quot;classic&quot;,&quot;stretch_section&quot;:&quot;section-stretched&quot;}\">\n\t\t\t\t\t<div class=\"elementor-shape elementor-shape-top\" aria-hidden=\"true\" data-negative=\"false\">\n\t\t\t<svg xmlns=\"http:\/\/www.w3.org\/2000\/svg\" viewbox=\"0 0 283.5 27.8\" preserveaspectratio=\"none\">\n\t<path class=\"elementor-shape-fill\" d=\"M283.5,9.7c0,0-7.3,4.3-14,4.6c-6.8,0.3-12.6,0-20.9-1.5c-11.3-2-33.1-10.1-44.7-5.7\ts-12.1,4.6-18,7.4c-6.6,3.2-20,9.6-36.6,9.3C131.6,23.5,99.5,7.2,86.3,8c-1.4,0.1-6.6,0.8-10.5,2c-3.8,1.2-9.4,3.8-17,4.7\tc-3.2,0.4-8.3,1.1-14.2,0.9c-1.5-0.1-6.3-0.4-12-1.6c-5.7-1.2-11-3.1-15.8-3.7C6.5,9.2,0,10.8,0,10.8V0h283.5V9.7z M260.8,11.3\tc-0.7-1-2-0.4-4.3-0.4c-2.3,0-6.1-1.2-5.8-1.1c0.3,0.1,3.1,1.5,6,1.9C259.7,12.2,261.4,12.3,260.8,11.3z M242.4,8.6\tc0,0-2.4-0.2-5.6-0.9c-3.2-0.8-10.3-2.8-15.1-3.5c-8.2-1.1-15.8,0-15.1,0.1c0.8,0.1,9.6-0.6,17.6,1.1c3.3,0.7,9.3,2.2,12.4,2.7\tC239.9,8.7,242.4,8.6,242.4,8.6z M185.2,8.5c1.7-0.7-13.3,4.7-18.5,6.1c-2.1,0.6-6.2,1.6-10,2c-3.9,0.4-8.9,0.4-8.8,0.5\tc0,0.2,5.8,0.8,11.2,0c5.4-0.8,5.2-1.1,7.6-1.6C170.5,14.7,183.5,9.2,185.2,8.5z M199.1,6.9c0.2,0-0.8-0.4-4.8,1.1\tc-4,1.5-6.7,3.5-6.9,3.7c-0.2,0.1,3.5-1.8,6.6-3C197,7.5,199,6.9,199.1,6.9z M283,6c-0.1,0.1-1.9,1.1-4.8,2.5s-6.9,2.8-6.7,2.7\tc0.2,0,3.5-0.6,7.4-2.5C282.8,6.8,283.1,5.9,283,6z M31.3,11.6c0.1-0.2-1.9-0.2-4.5-1.2s-5.4-1.6-7.8-2C15,7.6,7.3,8.5,7.7,8.6\tC8,8.7,15.9,8.3,20.2,9.3c2.2,0.5,2.4,0.5,5.7,1.6S31.2,11.9,31.3,11.6z M73,9.2c0.4-0.1,3.5-1.6,8.4-2.6c4.9-1.1,8.9-0.5,8.9-0.8\tc0-0.3-1-0.9-6.2-0.3S72.6,9.3,73,9.2z M71.6,6.7C71.8,6.8,75,5.4,77.3,5c2.3-0.3,1.9-0.5,1.9-0.6c0-0.1-1.1-0.2-2.7,0.2\tC74.8,5.1,71.4,6.6,71.6,6.7z M93.6,4.4c0.1,0.2,3.5,0.8,5.6,1.8c2.1,1,1.8,0.6,1.9,0.5c0.1-0.1-0.8-0.8-2.4-1.3\tC97.1,4.8,93.5,4.2,93.6,4.4z M65.4,11.1c-0.1,0.3,0.3,0.5,1.9-0.2s2.6-1.3,2.2-1.2s-0.9,0.4-2.5,0.8C65.3,10.9,65.5,10.8,65.4,11.1\tz M34.5,12.4c-0.2,0,2.1,0.8,3.3,0.9c1.2,0.1,2,0.1,2-0.2c0-0.3-0.1-0.5-1.6-0.4C36.6,12.8,34.7,12.4,34.5,12.4z M152.2,21.1\tc-0.1,0.1-2.4-0.3-7.5-0.3c-5,0-13.6-2.4-17.2-3.5c-3.6-1.1,10,3.9,16.5,4.1C150.5,21.6,152.3,21,152.2,21.1z\"\/>\n\t<path class=\"elementor-shape-fill\" d=\"M269.6,18c-0.1-0.1-4.6,0.3-7.2,0c-7.3-0.7-17-3.2-16.6-2.9c0.4,0.3,13.7,3.1,17,3.3\tC267.7,18.8,269.7,18,269.6,18z\"\/>\n\t<path class=\"elementor-shape-fill\" d=\"M227.4,9.8c-0.2-0.1-4.5-1-9.5-1.2c-5-0.2-12.7,0.6-12.3,0.5c0.3-0.1,5.9-1.8,13.3-1.2\tS227.6,9.9,227.4,9.8z\"\/>\n\t<path class=\"elementor-shape-fill\" d=\"M204.5,13.4c-0.1-0.1,2-1,3.2-1.1c1.2-0.1,2,0,2,0.3c0,0.3-0.1,0.5-1.6,0.4\tC206.4,12.9,204.6,13.5,204.5,13.4z\"\/>\n\t<path class=\"elementor-shape-fill\" d=\"M201,10.6c0-0.1-4.4,1.2-6.3,2.2c-1.9,0.9-6.2,3.1-6.1,3.1c0.1,0.1,4.2-1.6,6.3-2.6\tS201,10.7,201,10.6z\"\/>\n\t<path class=\"elementor-shape-fill\" d=\"M154.5,26.7c-0.1-0.1-4.6,0.3-7.2,0c-7.3-0.7-17-3.2-16.6-2.9c0.4,0.3,13.7,3.1,17,3.3\tC152.6,27.5,154.6,26.8,154.5,26.7z\"\/>\n\t<path class=\"elementor-shape-fill\" d=\"M41.9,19.3c0,0,1.2-0.3,2.9-0.1c1.7,0.2,5.8,0.9,8.2,0.7c4.2-0.4,7.4-2.7,7-2.6\tc-0.4,0-4.3,2.2-8.6,1.9c-1.8-0.1-5.1-0.5-6.7-0.4S41.9,19.3,41.9,19.3z\"\/>\n\t<path class=\"elementor-shape-fill\" d=\"M75.5,12.6c0.2,0.1,2-0.8,4.3-1.1c2.3-0.2,2.1-0.3,2.1-0.5c0-0.1-1.8-0.4-3.4,0\tC76.9,11.5,75.3,12.5,75.5,12.6z\"\/>\n\t<path class=\"elementor-shape-fill\" d=\"M15.6,13.2c0-0.1,4.3,0,6.7,0.5c2.4,0.5,5,1.9,5,2c0,0.1-2.7-0.8-5.1-1.4\tC19.9,13.7,15.7,13.3,15.6,13.2z\"\/>\n<\/svg>\t\t<\/div>\n\t\t\t\t\t<div class=\"elementor-container elementor-column-gap-default\">\n\t\t\t\t\t<div class=\"elementor-column elementor-col-100 elementor-top-column elementor-element elementor-element-7b864b21\" data-id=\"7b864b21\" data-element_type=\"column\" data-e-type=\"column\">\n\t\t\t<div class=\"elementor-widget-wrap elementor-element-populated\">\n\t\t\t\t\t\t<section class=\"elementor-section elementor-inner-section elementor-element elementor-element-680e3f8b elementor-section-boxed elementor-section-height-default elementor-section-height-default\" data-id=\"680e3f8b\" data-element_type=\"section\" data-e-type=\"section\">\n\t\t\t\t\t\t<div class=\"elementor-container elementor-column-gap-default\">\n\t\t\t\t\t<div class=\"elementor-column elementor-col-100 elementor-inner-column elementor-element elementor-element-5d0aeaff\" data-id=\"5d0aeaff\" data-element_type=\"column\" data-e-type=\"column\">\n\t\t\t<div class=\"elementor-widget-wrap elementor-element-populated\">\n\t\t\t\t\t\t<div class=\"elementor-element elementor-element-d345a65 elementor-widget elementor-widget-heading\" data-id=\"d345a65\" data-element_type=\"widget\" data-e-type=\"widget\" data-widget_type=\"heading.default\">\n\t\t\t\t<div class=\"elementor-widget-container\">\n\t\t\t\t\t<h5 class=\"elementor-heading-title elementor-size-default\">CLE HAITI<\/h5>\t\t\t\t<\/div>\n\t\t\t\t<\/div>\n\t\t\t\t<div class=\"elementor-element elementor-element-1ed7ae0 elementor-widget elementor-widget-image\" data-id=\"1ed7ae0\" data-element_type=\"widget\" data-e-type=\"widget\" data-widget_type=\"image.default\">\n\t\t\t\t<div class=\"elementor-widget-container\">\n\t\t\t\t\t\t\t\t\t\t\t\t\t\t\t<img fetchpriority=\"high\" decoding=\"async\" width=\"1024\" height=\"647\" src=\"https:\/\/clehaiti.org\/wp-content\/uploads\/2022\/09\/CLE_Lide\u0300_Kominote\u0300_Angaje_Logo_Wordmark_5-1024x647.png\" class=\"attachment-large size-large wp-image-4631\" alt=\"\" srcset=\"https:\/\/clehaiti.org\/wp-content\/uploads\/2022\/09\/CLE_Lide\u0300_Kominote\u0300_Angaje_Logo_Wordmark_5-1024x647.png 1024w, https:\/\/clehaiti.org\/wp-content\/uploads\/2022\/09\/CLE_Lide\u0300_Kominote\u0300_Angaje_Logo_Wordmark_5-300x190.png 300w, https:\/\/clehaiti.org\/wp-content\/uploads\/2022\/09\/CLE_Lide\u0300_Kominote\u0300_Angaje_Logo_Wordmark_5-768x485.png 768w, https:\/\/clehaiti.org\/wp-content\/uploads\/2022\/09\/CLE_Lide\u0300_Kominote\u0300_Angaje_Logo_Wordmark_5-1536x971.png 1536w, https:\/\/clehaiti.org\/wp-content\/uploads\/2022\/09\/CLE_Lide\u0300_Kominote\u0300_Angaje_Logo_Wordmark_5-2048x1295.png 2048w, https:\/\/clehaiti.org\/wp-content\/uploads\/2022\/09\/CLE_Lide\u0300_Kominote\u0300_Angaje_Logo_Wordmark_5-18x12.png 18w\" sizes=\"(max-width: 1024px) 100vw, 1024px\" \/>\t\t\t\t\t\t\t\t\t\t\t\t\t\t\t<\/div>\n\t\t\t\t<\/div>\n\t\t\t\t<div class=\"elementor-element elementor-element-1668c6bc elementor-widget elementor-widget-heading\" data-id=\"1668c6bc\" data-element_type=\"widget\" data-e-type=\"widget\" data-widget_type=\"heading.default\">\n\t\t\t\t<div class=\"elementor-widget-container\">\n\t\t\t\t\t<h1 class=\"elementor-heading-title elementor-size-default\">Lid\u00e8 Kominot\u00e8 Angaje<\/h1>\t\t\t\t<\/div>\n\t\t\t\t<\/div>\n\t\t\t\t<div class=\"elementor-element elementor-element-cb2d4fa elementor-widget elementor-widget-heading\" data-id=\"cb2d4fa\" data-element_type=\"widget\" data-e-type=\"widget\" data-widget_type=\"heading.default\">\n\t\t\t\t<div class=\"elementor-widget-container\">\n\t\t\t\t\t<h2 class=\"elementor-heading-title elementor-size-default\">Fellowship Programming<\/h2>\t\t\t\t<\/div>\n\t\t\t\t<\/div>\n\t\t\t\t\t<\/div>\n\t\t<\/div>\n\t\t\t\t\t<\/div>\n\t\t<\/section>\n\t\t\t\t\t<\/div>\n\t\t<\/div>\n\t\t\t\t\t<\/div>\n\t\t<\/section>\n\t\t\t\t<section class=\"elementor-section elementor-top-section elementor-element elementor-element-663371e0 elementor-section-stretched elementor-section-boxed elementor-section-height-default elementor-section-height-default\" data-id=\"663371e0\" data-element_type=\"section\" data-e-type=\"section\" data-settings=\"{&quot;background_background&quot;:&quot;classic&quot;,&quot;stretch_section&quot;:&quot;section-stretched&quot;}\">\n\t\t\t\t\t\t<div class=\"elementor-container elementor-column-gap-wider\">\n\t\t\t\t\t<div class=\"elementor-column elementor-col-100 elementor-top-column elementor-element elementor-element-2249dfa\" data-id=\"2249dfa\" data-element_type=\"column\" data-e-type=\"column\">\n\t\t\t<div class=\"elementor-widget-wrap elementor-element-populated\">\n\t\t\t\t\t\t<div class=\"elementor-element elementor-element-400aae04 elementor-widget elementor-widget-text-editor\" data-id=\"400aae04\" data-element_type=\"widget\" data-e-type=\"widget\" data-widget_type=\"text-editor.default\">\n\t\t\t\t<div class=\"elementor-widget-container\">\n\t\t\t\t\t\t\t\t\t<p><span style=\"font-weight: 400;\"><strong>Lid\u00e8 kominot\u00e8 Angaje<\/strong> is\u00a0 a fellowship program that aims to train 35 young leaders over a period of 6 months to enable them to strengthen their community initiatives. <\/span><\/p>\t\t\t\t\t\t\t\t<\/div>\n\t\t\t\t<\/div>\n\t\t\t\t\t<\/div>\n\t\t<\/div>\n\t\t\t\t\t<\/div>\n\t\t<\/section>\n\t\t\t\t<section class=\"elementor-section elementor-top-section elementor-element elementor-element-410010f2 elementor-reverse-tablet elementor-reverse-mobile elementor-section-boxed elementor-section-height-default elementor-section-height-default\" data-id=\"410010f2\" data-element_type=\"section\" data-e-type=\"section\" data-settings=\"{&quot;background_background&quot;:&quot;classic&quot;}\">\n\t\t\t\t\t\t\t<div class=\"elementor-background-overlay\"><\/div>\n\t\t\t\t\t\t\t<div class=\"elementor-container elementor-column-gap-default\">\n\t\t\t\t\t<div class=\"elementor-column elementor-col-50 elementor-top-column elementor-element elementor-element-6616568a\" data-id=\"6616568a\" data-element_type=\"column\" data-e-type=\"column\" data-settings=\"{&quot;background_background&quot;:&quot;classic&quot;}\">\n\t\t\t<div class=\"elementor-widget-wrap elementor-element-populated\">\n\t\t\t\t\t\t<section class=\"elementor-section elementor-inner-section elementor-element elementor-element-2736b28d elementor-section-content-middle elementor-section-boxed elementor-section-height-default elementor-section-height-default\" data-id=\"2736b28d\" data-element_type=\"section\" data-e-type=\"section\">\n\t\t\t\t\t\t<div class=\"elementor-container elementor-column-gap-default\">\n\t\t\t\t\t<div class=\"elementor-column elementor-col-50 elementor-inner-column elementor-element elementor-element-68a0856e\" data-id=\"68a0856e\" data-element_type=\"column\" data-e-type=\"column\">\n\t\t\t<div class=\"elementor-widget-wrap elementor-element-populated\">\n\t\t\t\t\t\t<div class=\"elementor-element elementor-element-30b3dc57 elementor-widget-divider--view-line elementor-widget elementor-widget-divider\" data-id=\"30b3dc57\" data-element_type=\"widget\" data-e-type=\"widget\" data-widget_type=\"divider.default\">\n\t\t\t\t<div class=\"elementor-widget-container\">\n\t\t\t\t\t\t\t<div class=\"elementor-divider\">\n\t\t\t<span class=\"elementor-divider-separator\">\n\t\t\t\t\t\t<\/span>\n\t\t<\/div>\n\t\t\t\t\t\t<\/div>\n\t\t\t\t<\/div>\n\t\t\t\t\t<\/div>\n\t\t<\/div>\n\t\t\t\t<div class=\"elementor-column elementor-col-50 elementor-inner-column elementor-element elementor-element-43adfcfd\" data-id=\"43adfcfd\" data-element_type=\"column\" data-e-type=\"column\">\n\t\t\t<div class=\"elementor-widget-wrap elementor-element-populated\">\n\t\t\t\t\t\t<div class=\"elementor-element elementor-element-60fb55c7 envato-kit-138-bracket elementor-widget elementor-widget-heading\" data-id=\"60fb55c7\" data-element_type=\"widget\" data-e-type=\"widget\" data-widget_type=\"heading.default\">\n\t\t\t\t<div class=\"elementor-widget-container\">\n\t\t\t\t\t<h3 class=\"elementor-heading-title elementor-size-default\">CLE HAITI<\/h3>\t\t\t\t<\/div>\n\t\t\t\t<\/div>\n\t\t\t\t\t<\/div>\n\t\t<\/div>\n\t\t\t\t\t<\/div>\n\t\t<\/section>\n\t\t\t\t<div class=\"elementor-element elementor-element-3c2917fa elementor-widget elementor-widget-spacer\" data-id=\"3c2917fa\" data-element_type=\"widget\" data-e-type=\"widget\" data-widget_type=\"spacer.default\">\n\t\t\t\t<div class=\"elementor-widget-container\">\n\t\t\t\t\t\t\t<div class=\"elementor-spacer\">\n\t\t\t<div class=\"elementor-spacer-inner\"><\/div>\n\t\t<\/div>\n\t\t\t\t\t\t<\/div>\n\t\t\t\t<\/div>\n\t\t\t\t<div class=\"elementor-element elementor-element-b546ec5 elementor-widget elementor-widget-text-editor\" data-id=\"b546ec5\" data-element_type=\"widget\" data-e-type=\"widget\" data-widget_type=\"text-editor.default\">\n\t\t\t\t<div class=\"elementor-widget-container\">\n\t\t\t\t\t\t\t\t\t<p><span style=\"font-weight: 400;\"><strong>Lid\u00e8 kominot\u00e8 Angaje<\/strong> aims to provide the fellows with coaching, mentorship, remote training programs on more technical competencies, and mentorship. <\/span><\/p>\t\t\t\t\t\t\t\t<\/div>\n\t\t\t\t<\/div>\n\t\t\t\t\t<\/div>\n\t\t<\/div>\n\t\t\t\t<div class=\"elementor-column elementor-col-50 elementor-top-column elementor-element elementor-element-5bc88626\" data-id=\"5bc88626\" data-element_type=\"column\" data-e-type=\"column\">\n\t\t\t<div class=\"elementor-widget-wrap elementor-element-populated\">\n\t\t\t\t\t\t<div class=\"elementor-element elementor-element-30205312 elementor-widget elementor-widget-image-carousel\" data-id=\"30205312\" data-element_type=\"widget\" data-e-type=\"widget\" data-settings=\"{&quot;slides_to_show&quot;:&quot;1&quot;,&quot;navigation&quot;:&quot;none&quot;,&quot;autoplay_speed&quot;:6000,&quot;effect&quot;:&quot;fade&quot;,&quot;speed&quot;:600,&quot;autoplay&quot;:&quot;yes&quot;,&quot;pause_on_hover&quot;:&quot;yes&quot;,&quot;pause_on_interaction&quot;:&quot;yes&quot;,&quot;infinite&quot;:&quot;yes&quot;}\" data-widget_type=\"image-carousel.default\">\n\t\t\t\t<div class=\"elementor-widget-container\">\n\t\t\t\t\t\t\t<div class=\"elementor-image-carousel-wrapper swiper\" role=\"region\" aria-roledescription=\"carousel\" aria-label=\"Carrousel d\u2019images\" dir=\"ltr\">\n\t\t\t<div class=\"elementor-image-carousel swiper-wrapper\" aria-live=\"off\">\n\t\t\t\t\t\t\t\t<div class=\"swiper-slide\" role=\"group\" aria-roledescription=\"slide\" aria-label=\"1 sur 1\" data-no-translation-aria-label=\"\"><figure class=\"swiper-slide-inner\"><img decoding=\"async\" class=\"swiper-slide-image\" src=\"https:\/\/clehaiti.org\/wp-content\/uploads\/2022\/09\/cle_lide\u0300_kominote\u0300_angaje_grille_Aug2022-scaled.jpg\" alt=\"cle_lide\u0300_kominote\u0300_angaje_grille_Aug2022\" \/><\/figure><\/div>\t\t\t<\/div>\n\t\t\t\t\t<\/div>\n\t\t\t\t\t\t<\/div>\n\t\t\t\t<\/div>\n\t\t\t\t\t<\/div>\n\t\t<\/div>\n\t\t\t\t\t<\/div>\n\t\t<\/section>\n\t\t\t\t<\/div>","protected":false},"excerpt":{"rendered":"<p>CLE HAITI Lid\u00e8 Kominot\u00e8 Angaje Fellowship Programming Lid\u00e8 kominot\u00e8 Angaje is\u00a0 a fellowship program that aims to train 35 young leaders over a period of 6 months to enable them to strengthen their community initiatives. CLE HAITI Lid\u00e8 kominot\u00e8 Angaje aims to provide the fellows with coaching, mentorship, remote training programs on more technical competencies,&hellip;&nbsp;<a href=\"https:\/\/clehaiti.org\/fr\/lide-kominote-angaje\/\" rel=\"bookmark\">Lire la suite &raquo;<span class=\"screen-reader-text\">Lid\u00e8 kominot\u00e8  Angaje<\/span><\/a><\/p>","protected":false},"author":4,"featured_media":0,"parent":0,"menu_order":0,"comment_status":"closed","ping_status":"closed","template":"elementor_header_footer","meta":{"give_campaign_id":0,"neve_meta_sidebar":"","neve_meta_container":"","neve_meta_enable_content_width":"","neve_meta_content_width":0,"neve_meta_title_alignment":"","neve_meta_author_avatar":"","neve_post_elements_order":"","neve_meta_disable_header":"","neve_meta_disable_footer":"","neve_meta_disable_title":"","footnotes":""},"class_list":["post-4629","page","type-page","status-publish","hentry"],"yoast_head":"<!-- This site is optimized with the Yoast SEO plugin v27.4 - https:\/\/yoast.com\/product\/yoast-seo-wordpress\/ -->\n<title>Lid\u00e8 kominot\u00e8 Angaje - CLE HAITI<\/title>\n<meta name=\"robots\" content=\"index, follow, max-snippet:-1, max-image-preview:large, max-video-preview:-1\" \/>\n<link rel=\"canonical\" href=\"https:\/\/clehaiti.org\/fr\/lide-kominote-angaje\/\" \/>\n<meta property=\"og:locale\" content=\"fr_FR\" \/>\n<meta property=\"og:type\" content=\"article\" \/>\n<meta property=\"og:title\" content=\"Lid\u00e8 kominot\u00e8 Angaje - CLE HAITI\" \/>\n<meta property=\"og:description\" content=\"CLE HAITI Lid\u00e8 Kominot\u00e8 Angaje Fellowship Programming Lid\u00e8 kominot\u00e8 Angaje is\u00a0 a fellowship program that aims to train 35 young leaders over a period of 6 months to enable them to strengthen their community initiatives. CLE HAITI Lid\u00e8 kominot\u00e8 Angaje aims to provide the fellows with coaching, mentorship, remote training programs on more technical competencies,&hellip;&nbsp;Lire la suite &raquo;Lid\u00e8 kominot\u00e8 Angaje\" \/>\n<meta property=\"og:url\" content=\"https:\/\/clehaiti.org\/fr\/lide-kominote-angaje\/\" \/>\n<meta property=\"og:site_name\" content=\"CLE HAITI\" \/>\n<meta property=\"article:modified_time\" content=\"2022-09-05T15:18:08+00:00\" \/>\n<meta name=\"twitter:card\" content=\"summary_large_image\" \/>\n<meta name=\"twitter:label1\" content=\"Dur\u00e9e de lecture estim\u00e9e\" \/>\n\t<meta name=\"twitter:data1\" content=\"1 minute\" \/>\n<script type=\"application\/ld+json\" class=\"yoast-schema-graph\">{\"@context\":\"https:\\\/\\\/schema.org\",\"@graph\":[{\"@type\":\"WebPage\",\"@id\":\"https:\\\/\\\/clehaiti.org\\\/lide-kominote-angaje\\\/\",\"url\":\"https:\\\/\\\/clehaiti.org\\\/lide-kominote-angaje\\\/\",\"name\":\"Lid\u00e8 kominot\u00e8 Angaje - CLE HAITI\",\"isPartOf\":{\"@id\":\"https:\\\/\\\/clehaiti.org\\\/#website\"},\"datePublished\":\"2022-09-05T15:08:06+00:00\",\"dateModified\":\"2022-09-05T15:18:08+00:00\",\"breadcrumb\":{\"@id\":\"https:\\\/\\\/clehaiti.org\\\/lide-kominote-angaje\\\/#breadcrumb\"},\"inLanguage\":\"fr-FR\",\"potentialAction\":[{\"@type\":\"ReadAction\",\"target\":[\"https:\\\/\\\/clehaiti.org\\\/lide-kominote-angaje\\\/\"]}]},{\"@type\":\"BreadcrumbList\",\"@id\":\"https:\\\/\\\/clehaiti.org\\\/lide-kominote-angaje\\\/#breadcrumb\",\"itemListElement\":[{\"@type\":\"ListItem\",\"position\":1,\"name\":\"Home\",\"item\":\"https:\\\/\\\/clehaiti.org\\\/\"},{\"@type\":\"ListItem\",\"position\":2,\"name\":\"Lid\u00e8 kominot\u00e8 Angaje\"}]},{\"@type\":\"WebSite\",\"@id\":\"https:\\\/\\\/clehaiti.org\\\/#website\",\"url\":\"https:\\\/\\\/clehaiti.org\\\/\",\"name\":\"CLE HAITI\",\"description\":\"Building a Social Change Leadership Plan for Haiti\",\"publisher\":{\"@id\":\"https:\\\/\\\/clehaiti.org\\\/#organization\"},\"potentialAction\":[{\"@type\":\"SearchAction\",\"target\":{\"@type\":\"EntryPoint\",\"urlTemplate\":\"https:\\\/\\\/clehaiti.org\\\/?s={search_term_string}\"},\"query-input\":{\"@type\":\"PropertyValueSpecification\",\"valueRequired\":true,\"valueName\":\"search_term_string\"}}],\"inLanguage\":\"fr-FR\"},{\"@type\":\"Organization\",\"@id\":\"https:\\\/\\\/clehaiti.org\\\/#organization\",\"name\":\"CLE HAITI\",\"url\":\"https:\\\/\\\/clehaiti.org\\\/\",\"logo\":{\"@type\":\"ImageObject\",\"inLanguage\":\"fr-FR\",\"@id\":\"https:\\\/\\\/clehaiti.org\\\/#\\\/schema\\\/logo\\\/image\\\/\",\"url\":\"https:\\\/\\\/clehaiti.org\\\/wp-content\\\/uploads\\\/2021\\\/09\\\/cropped-cle_logo_combined_official-1.png\",\"contentUrl\":\"https:\\\/\\\/clehaiti.org\\\/wp-content\\\/uploads\\\/2021\\\/09\\\/cropped-cle_logo_combined_official-1.png\",\"width\":7671,\"height\":2476,\"caption\":\"CLE HAITI\"},\"image\":{\"@id\":\"https:\\\/\\\/clehaiti.org\\\/#\\\/schema\\\/logo\\\/image\\\/\"}}]}<\/script>\n<!-- \/ Yoast SEO plugin. -->","yoast_head_json":{"title":"Lid\u00e8 kominot\u00e8 Angaje - CLE HAITI","robots":{"index":"index","follow":"follow","max-snippet":"max-snippet:-1","max-image-preview":"max-image-preview:large","max-video-preview":"max-video-preview:-1"},"canonical":"https:\/\/clehaiti.org\/fr\/lide-kominote-angaje\/","og_locale":"fr_FR","og_type":"article","og_title":"Lid\u00e8 kominot\u00e8 Angaje - CLE HAITI","og_description":"CLE HAITI Lid\u00e8 Kominot\u00e8 Angaje Fellowship Programming Lid\u00e8 kominot\u00e8 Angaje is\u00a0 a fellowship program that aims to train 35 young leaders over a period of 6 months to enable them to strengthen their community initiatives. CLE HAITI Lid\u00e8 kominot\u00e8 Angaje aims to provide the fellows with coaching, mentorship, remote training programs on more technical competencies,&hellip;&nbsp;Lire la suite &raquo;Lid\u00e8 kominot\u00e8 Angaje","og_url":"https:\/\/clehaiti.org\/fr\/lide-kominote-angaje\/","og_site_name":"CLE HAITI","article_modified_time":"2022-09-05T15:18:08+00:00","twitter_card":"summary_large_image","twitter_misc":{"Dur\u00e9e de lecture estim\u00e9e":"1 minute"},"schema":{"@context":"https:\/\/schema.org","@graph":[{"@type":"WebPage","@id":"https:\/\/clehaiti.org\/lide-kominote-angaje\/","url":"https:\/\/clehaiti.org\/lide-kominote-angaje\/","name":"Lid\u00e8 kominot\u00e8 Angaje - CLE HAITI","isPartOf":{"@id":"https:\/\/clehaiti.org\/#website"},"datePublished":"2022-09-05T15:08:06+00:00","dateModified":"2022-09-05T15:18:08+00:00","breadcrumb":{"@id":"https:\/\/clehaiti.org\/lide-kominote-angaje\/#breadcrumb"},"inLanguage":"fr-FR","potentialAction":[{"@type":"ReadAction","target":["https:\/\/clehaiti.org\/lide-kominote-angaje\/"]}]},{"@type":"BreadcrumbList","@id":"https:\/\/clehaiti.org\/lide-kominote-angaje\/#breadcrumb","itemListElement":[{"@type":"ListItem","position":1,"name":"Home","item":"https:\/\/clehaiti.org\/"},{"@type":"ListItem","position":2,"name":"Lid\u00e8 kominot\u00e8 Angaje"}]},{"@type":"WebSite","@id":"https:\/\/clehaiti.org\/#website","url":"https:\/\/clehaiti.org\/","name":"CLE HAITI","description":"\u00c9laboration d'un plan de leadership pour le changement social en Ha\u00efti","publisher":{"@id":"https:\/\/clehaiti.org\/#organization"},"potentialAction":[{"@type":"SearchAction","target":{"@type":"EntryPoint","urlTemplate":"https:\/\/clehaiti.org\/?s={search_term_string}"},"query-input":{"@type":"PropertyValueSpecification","valueRequired":true,"valueName":"search_term_string"}}],"inLanguage":"fr-FR"},{"@type":"Organization","@id":"https:\/\/clehaiti.org\/#organization","name":"CLE HAITI","url":"https:\/\/clehaiti.org\/","logo":{"@type":"ImageObject","inLanguage":"fr-FR","@id":"https:\/\/clehaiti.org\/#\/schema\/logo\/image\/","url":"https:\/\/clehaiti.org\/wp-content\/uploads\/2021\/09\/cropped-cle_logo_combined_official-1.png","contentUrl":"https:\/\/clehaiti.org\/wp-content\/uploads\/2021\/09\/cropped-cle_logo_combined_official-1.png","width":7671,"height":2476,"caption":"CLE HAITI"},"image":{"@id":"https:\/\/clehaiti.org\/#\/schema\/logo\/image\/"}}]}},"campaignId":"","_links":{"self":[{"href":"https:\/\/clehaiti.org\/fr\/wp-json\/wp\/v2\/pages\/4629","targetHints":{"allow":["GET"]}}],"collection":[{"href":"https:\/\/clehaiti.org\/fr\/wp-json\/wp\/v2\/pages"}],"about":[{"href":"https:\/\/clehaiti.org\/fr\/wp-json\/wp\/v2\/types\/page"}],"author":[{"embeddable":true,"href":"https:\/\/clehaiti.org\/fr\/wp-json\/wp\/v2\/users\/4"}],"replies":[{"embeddable":true,"href":"https:\/\/clehaiti.org\/fr\/wp-json\/wp\/v2\/comments?post=4629"}],"version-history":[{"count":10,"href":"https:\/\/clehaiti.org\/fr\/wp-json\/wp\/v2\/pages\/4629\/revisions"}],"predecessor-version":[{"id":4642,"href":"https:\/\/clehaiti.org\/fr\/wp-json\/wp\/v2\/pages\/4629\/revisions\/4642"}],"wp:attachment":[{"href":"https:\/\/clehaiti.org\/fr\/wp-json\/wp\/v2\/media?parent=4629"}],"curies":[{"name":"wp","href":"https:\/\/api.w.org\/{rel}","templated":true}]}}