{"id":4678,"date":"2022-09-07T11:23:47","date_gmt":"2022-09-07T11:23:47","guid":{"rendered":"https:\/\/clehaiti.org\/?page_id=4678"},"modified":"2023-05-24T01:04:45","modified_gmt":"2023-05-24T01:04:45","slug":"map_haiti","status":"publish","type":"page","link":"https:\/\/clehaiti.org\/fr\/map_haiti\/","title":{"rendered":"Map_Haiti"},"content":{"rendered":"<div data-elementor-type=\"wp-page\" data-elementor-id=\"4678\" class=\"elementor elementor-4678\" data-elementor-post-type=\"page\">\n\t\t\t\t\t\t<section class=\"elementor-section elementor-top-section elementor-element elementor-element-1f59828f elementor-section-full_width elementor-section-content-middle elementor-section-height-min-height elementor-section-height-default elementor-section-items-middle\" data-id=\"1f59828f\" data-element_type=\"section\" data-e-type=\"section\" data-settings=\"{&quot;background_background&quot;:&quot;classic&quot;}\">\n\t\t\t\t\t\t<div class=\"elementor-container elementor-column-gap-no\">\n\t\t\t\t\t<div class=\"elementor-column elementor-col-33 elementor-top-column elementor-element elementor-element-e3e23fb\" data-id=\"e3e23fb\" data-element_type=\"column\" data-e-type=\"column\">\n\t\t\t<div class=\"elementor-widget-wrap\">\n\t\t\t\t\t\t\t<\/div>\n\t\t<\/div>\n\t\t\t\t<div class=\"elementor-column elementor-col-33 elementor-top-column elementor-element elementor-element-75000a02\" data-id=\"75000a02\" data-element_type=\"column\" data-e-type=\"column\">\n\t\t\t<div class=\"elementor-widget-wrap elementor-element-populated\">\n\t\t\t\t\t\t<div class=\"elementor-element elementor-element-3e83ea7 elementor-widget elementor-widget-text-editor\" data-id=\"3e83ea7\" data-element_type=\"widget\" data-e-type=\"widget\" data-widget_type=\"text-editor.default\">\n\t\t\t\t<div class=\"elementor-widget-container\">\n\t\t\t\t\t\t\t\t\t<p>CLE HAITI<\/p>\t\t\t\t\t\t\t\t<\/div>\n\t\t\t\t<\/div>\n\t\t\t\t<div class=\"elementor-element elementor-element-39fe8da elementor-widget elementor-widget-shortcode\" data-id=\"39fe8da\" data-element_type=\"widget\" data-e-type=\"widget\" data-widget_type=\"shortcode.default\">\n\t\t\t\t<div class=\"elementor-widget-container\">\n\t\t\t\t\t\t\t<div class=\"elementor-shortcode\"><div class=\"map_wrapper\" id=\"map_wrapper_5149\">\n<div class=\"map_box\" style=\"max-width:2000px\"><div class=\"igm_select_container\">\n<select class=\"igm_select_choices\" data-noresults=\"No Matches\" data-select=\"Tap to Select\" data-map-id=\"5149\" id=\"igm_select_5149\">\n<option value=\"\">Select<\/option><option id=\"option-geo-Bawon\" data-map-id=\"5149\" value=\"Bawon\" data-custom-properties=\"{&quot;name&quot;: &quot;&quot;;}\"><\/option><option id=\"option-geo-Limonad\" data-map-id=\"5149\" value=\"Limonad\" data-custom-properties=\"{&quot;name&quot;: &quot;&quot;;}\"><\/option><option id=\"option-geo-Plezans\" data-map-id=\"5149\" value=\"Plezans\" data-custom-properties=\"{&quot;name&quot;: &quot;&quot;;}\"><\/option><option id=\"option-geo-Pl\u00e8n di N\u00f2\" data-map-id=\"5149\" value=\"Pl\u00e8n di N\u00f2\" data-custom-properties=\"{&quot;name&quot;: &quot;&quot;;}\"><\/option><option id=\"option-geo-B\u00f2y\" data-map-id=\"5149\" value=\"B\u00f2y\" data-custom-properties=\"{&quot;name&quot;: &quot;&quot;;}\"><\/option><option id=\"option-geo-Ba Lenbe\" data-map-id=\"5149\" value=\"Ba Lenbe\" data-custom-properties=\"{&quot;name&quot;: &quot;&quot;;}\"><\/option><option id=\"option-geo-Rankit\" data-map-id=\"5149\" value=\"Rankit\" data-custom-properties=\"{&quot;name&quot;: &quot;&quot;;}\"><\/option><option id=\"option-geo-Katye Moren\" data-map-id=\"5149\" value=\"Katye Moren\" data-custom-properties=\"{&quot;name&quot;: &quot;&quot;;}\"><\/option><option id=\"option-geo-Lenbe\" data-map-id=\"5149\" value=\"Lenbe\" data-custom-properties=\"{&quot;name&quot;: &quot;&quot;;}\"><\/option><option id=\"option-geo-Laviktwa\" data-map-id=\"5149\" value=\"Laviktwa\" data-custom-properties=\"{&quot;name&quot;: &quot;&quot;;}\"><\/option><option id=\"option-geo-P\u00f2 Mago\" data-map-id=\"5149\" value=\"P\u00f2 Mago\" data-custom-properties=\"{&quot;name&quot;: &quot;&quot;;}\"><\/option><option id=\"option-geo-Pilat\" data-map-id=\"5149\" value=\"Pilat\" data-custom-properties=\"{&quot;name&quot;: &quot;&quot;;}\"><\/option><option id=\"option-geo-Milo\" data-map-id=\"5149\" value=\"Milo\" data-custom-properties=\"{&quot;name&quot;: &quot;&quot;;}\"><\/option><option id=\"option-geo-Gran Rivy\u00e8 di N\u00f2\" data-map-id=\"5149\" value=\"Gran Rivy\u00e8 di N\u00f2\" data-custom-properties=\"{&quot;name&quot;: &quot;&quot;;}\"><\/option><option id=\"option-geo-Sen Rafay\u00e8l\" data-map-id=\"5149\" value=\"Sen Rafay\u00e8l\" data-custom-properties=\"{&quot;name&quot;: &quot;&quot;;}\"><\/option><option id=\"option-geo-Lakil di N\u00f2\" data-map-id=\"5149\" value=\"Lakil di N\u00f2\" data-custom-properties=\"{&quot;name&quot;: &quot;&quot;;}\"><\/option><option id=\"option-geo-Kap Ayisyen\" data-map-id=\"5149\" value=\"Kap Ayisyen\" data-custom-properties=\"{&quot;name&quot;: &quot;&quot;;}\"><\/option><option id=\"option-geo-Piyon\" data-map-id=\"5149\" value=\"Piyon\" data-custom-properties=\"{&quot;name&quot;: &quot;&quot;;}\"><\/option><option id=\"option-geo-Dondon\" data-map-id=\"5149\" value=\"Dondon\" data-custom-properties=\"{&quot;name&quot;: &quot;&quot;;}\"><\/option><\/select><\/div>\n<div class=\"map_aspect_ratio\" style=\"padding-top:56%\" data-padding-top=\"56%\" data-padding-top-mobile=\"0%\">\n<div class=\"map_container\">\n<div class=\"map_render map_loading\" id=\"map_5149\"><\/div>\n<\/div>\n<\/div>\n<\/div>\n<\/div>\n<\/div>\n\t\t\t\t\t\t<\/div>\n\t\t\t\t<\/div>\n\t\t\t\t\t<\/div>\n\t\t<\/div>\n\t\t\t\t<div class=\"elementor-column elementor-col-33 elementor-top-column elementor-element elementor-element-769af75\" data-id=\"769af75\" data-element_type=\"column\" data-e-type=\"column\">\n\t\t\t<div class=\"elementor-widget-wrap\">\n\t\t\t\t\t\t\t<\/div>\n\t\t<\/div>\n\t\t\t\t\t<\/div>\n\t\t<\/section>\n\t\t\t\t<section class=\"elementor-section elementor-top-section elementor-element elementor-element-29bba9ea elementor-section-content-middle elementor-section-boxed elementor-section-height-default elementor-section-height-default\" data-id=\"29bba9ea\" data-element_type=\"section\" data-e-type=\"section\" data-settings=\"{&quot;background_background&quot;:&quot;classic&quot;}\">\n\t\t\t\t\t\t\t<div class=\"elementor-background-overlay\"><\/div>\n\t\t\t\t\t\t\t<div class=\"elementor-container elementor-column-gap-wide\">\n\t\t\t\t\t<div class=\"elementor-column elementor-col-100 elementor-top-column elementor-element elementor-element-6a2e7c56\" data-id=\"6a2e7c56\" data-element_type=\"column\" data-e-type=\"column\">\n\t\t\t<div class=\"elementor-widget-wrap elementor-element-populated\">\n\t\t\t\t\t\t<div class=\"elementor-element elementor-element-7886be8b elementor-view-default elementor-widget elementor-widget-icon\" data-id=\"7886be8b\" data-element_type=\"widget\" data-e-type=\"widget\" data-widget_type=\"icon.default\">\n\t\t\t\t<div class=\"elementor-widget-container\">\n\t\t\t\t\t\t\t<div class=\"elementor-icon-wrapper\">\n\t\t\t<div class=\"elementor-icon\">\n\t\t\t<svg xmlns=\"http:\/\/www.w3.org\/2000\/svg\" xmlns:xlink=\"http:\/\/www.w3.org\/1999\/xlink\" id=\"Layer_1\" x=\"0px\" y=\"0px\" viewbox=\"0 0 270.2 288\" style=\"enable-background:new 0 0 270.2 288;\" xml:space=\"preserve\"><style type=\"text\/css\">\t.st0{fill:#95C7E8;}\t.st1{fill:#95CCB3;}\t.st2{fill:#DAB182;}\t.st3{fill:#FFD129;}\t.st4{fill:#7E8DE0;}\t.st5{fill:#EA4F4F;}\t.st6{fill:#B46CBE;}\t.st7{fill:#0299F1;}<\/style><g>\t<path class=\"st0\" d=\"M197.4,177.9c7.4,7.4,7.4,19.3,0,26.6c-7.4,7.4-19.3,7.4-26.6,0c-7.4-7.3-7.4-19.3,0-26.6   C178.1,170.6,190.1,170.6,197.4,177.9\"><\/path>\t<path class=\"st0\" d=\"M201.6,211.8c-0.2-0.9,0-1.8,0.6-2.4c0.6-0.6,1.5-0.9,2.4-0.6c5.6,1.5,15.1,4,15.1,4s9.4,2.5,15.1,4   c0.9,0.2,1.5,0.9,1.8,1.8c0.2,0.9,0,1.8-0.6,2.4l-22.1,22.1c-0.6,0.6-1.5,0.9-2.4,0.6c-0.9-0.2-1.5-0.9-1.8-1.8   c-1.5-5.7-4-15.1-4-15.1S203.1,217.5,201.6,211.8z\"><\/path>\t<path class=\"st1\" d=\"M204.8,124.4c10.4,0,18.8,8.4,18.8,18.8c0,10.4-8.4,18.8-18.8,18.8c-10.4,0-18.8-8.4-18.8-18.8   C186,132.8,194.4,124.4,204.8,124.4\"><\/path>\t<path class=\"st1\" d=\"M231.8,145.4c-0.8-0.4-1.2-1.3-1.2-2.2c0-0.9,0.5-1.7,1.2-2.2c5.1-2.9,13.5-7.8,13.5-7.8s8.5-4.9,13.5-7.8   c0.8-0.4,1.7-0.4,2.5,0c0.8,0.4,1.2,1.3,1.2,2.2c0,5.9,0,15.6,0,15.6s0,9.7,0,15.6c0,0.9-0.5,1.7-1.2,2.2c-0.8,0.4-1.7,0.4-2.5,0   c-5.1-2.9-13.5-7.8-13.5-7.8S236.9,148.3,231.8,145.4z\"><\/path>\t<path class=\"st2\" d=\"M169.7,82.3c7.3-7.3,19.3-7.4,26.6,0c7.4,7.4,7.3,19.3,0,26.6c-7.4,7.3-19.3,7.3-26.6,0   C162.3,101.6,162.3,89.7,169.7,82.3\"><\/path>\t<path class=\"st2\" d=\"M203.6,78.1c-0.9,0.2-1.8,0-2.4-0.6c-0.6-0.6-0.9-1.5-0.6-2.4c1.5-5.7,4-15.1,4-15.1s2.5-9.4,4-15.1   c0.2-0.9,0.9-1.5,1.8-1.8c0.9-0.2,1.8,0,2.4,0.6l22.1,22.1c0.6,0.6,0.9,1.5,0.6,2.4c-0.2,0.9-0.9,1.5-1.8,1.8   c-5.7,1.5-15.1,4.1-15.1,4.1S209.2,76.6,203.6,78.1z\"><\/path>\t<path class=\"st3\" d=\"M116.1,74.9c0-10.4,8.4-18.8,18.8-18.8c10.4,0,18.8,8.4,18.8,18.8c0,10.4-8.4,18.8-18.8,18.8   C124.6,93.7,116.1,85.3,116.1,74.9\"><\/path>\t<path class=\"st3\" d=\"M137.1,47.9c-0.5,0.8-1.3,1.2-2.2,1.2c-0.9,0-1.7-0.5-2.2-1.2c-2.9-5.1-7.8-13.5-7.8-13.5s-4.9-8.4-7.8-13.5   c-0.4-0.8-0.4-1.7,0-2.5c0.5-0.8,1.3-1.2,2.2-1.2c5.9,0,15.6,0,15.6,0h15.6c0.9,0,1.7,0.5,2.2,1.2c0.5,0.8,0.5,1.7,0,2.5   L137.1,47.9z\"><\/path>\t<path class=\"st4\" d=\"M74.1,110.1c-7.3-7.3-7.4-19.3,0-26.6c7.3-7.3,19.3-7.3,26.6,0c7.3,7.4,7.4,19.3,0,26.6   C93.3,117.4,81.4,117.4,74.1,110.1\"><\/path>\t<path class=\"st4\" d=\"M69.8,76.2c0.2,0.9,0,1.8-0.6,2.4c-0.6,0.6-1.5,0.9-2.4,0.6l-30.1-8.1c-0.9-0.2-1.5-0.9-1.8-1.8   c-0.2-0.9,0-1.8,0.6-2.4l22.1-22.1c0.6-0.6,1.5-0.9,2.4-0.6c0.9,0.2,1.5,0.9,1.8,1.8c1.5,5.7,4.1,15.1,4.1,15.1   S68.3,70.5,69.8,76.2z\"><\/path>\t<path class=\"st5\" d=\"M66.6,163.6c-10.4,0-18.8-8.4-18.8-18.8c0-10.4,8.4-18.8,18.8-18.8c10.4,0,18.8,8.4,18.8,18.8   C85.4,155.2,77,163.6,66.6,163.6\"><\/path>\t<path class=\"st5\" d=\"M39.7,142.6c0.8,0.4,1.2,1.3,1.2,2.2c0,0.9-0.5,1.7-1.2,2.2c-5.1,2.9-13.5,7.8-13.5,7.8s-8.4,4.9-13.5,7.8   c-0.8,0.4-1.7,0.4-2.5,0c-0.8-0.4-1.2-1.3-1.2-2.2c0-5.9,0-15.6,0-15.6v-15.6c0-0.9,0.5-1.7,1.2-2.2c0.8-0.4,1.7-0.4,2.5,0   c5.1,2.9,13.5,7.8,13.5,7.8S34.6,139.7,39.7,142.6z\"><\/path>\t<path class=\"st6\" d=\"M101.8,205.7c-7.3,7.3-19.3,7.3-26.6,0c-7.4-7.4-7.4-19.3,0-26.6c7.3-7.3,19.3-7.4,26.6,0   C109.1,186.4,109.1,198.3,101.8,205.7\"><\/path>\t<path class=\"st6\" d=\"M67.9,209.9c0.9-0.2,1.8,0,2.4,0.6c0.6,0.6,0.9,1.5,0.6,2.4c-1.5,5.7-4,15.1-4,15.1s-2.5,9.4-4,15.1   c-0.2,0.9-0.9,1.5-1.8,1.8c-0.9,0.2-1.8,0-2.4-0.6c-4.1-4.1-11-11-11-11s-6.9-6.9-11-11c-0.6-0.6-0.9-1.5-0.6-2.4   c0.2-0.9,0.9-1.5,1.8-1.8c5.7-1.5,15.1-4,15.1-4S62.2,211.4,67.9,209.9z\"><\/path>\t<path class=\"st7\" d=\"M155.3,213.1c0,10.4-8.4,18.8-18.8,18.8c-10.4,0-18.8-8.4-18.8-18.8c0-10.4,8.4-18.8,18.8-18.8   C146.9,194.3,155.3,202.7,155.3,213.1\"><\/path>\t<path class=\"st7\" d=\"M134.4,240.1c0.5-0.8,1.3-1.2,2.2-1.2c0.9,0,1.7,0.5,2.2,1.2c2.9,5.1,7.8,13.5,7.8,13.5s4.9,8.4,7.8,13.5   c0.5,0.8,0.5,1.7,0,2.5c-0.4,0.8-1.3,1.2-2.2,1.2c-5.9,0-15.6,0-15.6,0s-9.7,0-15.6,0c-0.9,0-1.7-0.5-2.2-1.2   c-0.5-0.8-0.5-1.7,0-2.5c2.9-5.1,7.8-13.5,7.8-13.5S131.4,245.1,134.4,240.1z\"><\/path><\/g><\/svg>\t\t\t<\/div>\n\t\t<\/div>\n\t\t\t\t\t\t<\/div>\n\t\t\t\t<\/div>\n\t\t\t\t<div class=\"elementor-element elementor-element-61e60b42 elementor-invisible elementor-widget elementor-widget-heading\" data-id=\"61e60b42\" data-element_type=\"widget\" data-e-type=\"widget\" data-settings=\"{&quot;_animation&quot;:&quot;fadeIn&quot;,&quot;_animation_delay&quot;:100}\" data-widget_type=\"heading.default\">\n\t\t\t\t<div class=\"elementor-widget-container\">\n\t\t\t\t\t<h2 class=\"elementor-heading-title elementor-size-default\">\"Investir dans les personnes rapporte toujours les meilleurs dividendes \u00e0 une soci\u00e9t\u00e9\".<\/h2>\t\t\t\t<\/div>\n\t\t\t\t<\/div>\n\t\t\t\t<div class=\"elementor-element elementor-element-36d91546 elementor-invisible elementor-widget elementor-widget-heading\" data-id=\"36d91546\" data-element_type=\"widget\" data-e-type=\"widget\" data-settings=\"{&quot;_animation&quot;:&quot;fadeIn&quot;,&quot;_animation_delay&quot;:150}\" data-widget_type=\"heading.default\">\n\t\t\t\t<div class=\"elementor-widget-container\">\n\t\t\t\t\t<h2 class=\"elementor-heading-title elementor-size-default\">Mary Coyle<\/h2>\t\t\t\t<\/div>\n\t\t\t\t<\/div>\n\t\t\t\t<div class=\"elementor-element elementor-element-adc21b9 elementor-invisible elementor-widget elementor-widget-heading\" data-id=\"adc21b9\" data-element_type=\"widget\" data-e-type=\"widget\" data-settings=\"{&quot;_animation&quot;:&quot;fadeIn&quot;,&quot;_animation_delay&quot;:150}\" data-widget_type=\"heading.default\">\n\t\t\t\t<div class=\"elementor-widget-container\">\n\t\t\t\t\t<h2 class=\"elementor-heading-title elementor-size-default\">S\u00e9nateur de la Nouvelle-\u00c9cosse Canada, et membre de l'\u00e9quipe fondatrice de CLE<\/h2>\t\t\t\t<\/div>\n\t\t\t\t<\/div>\n\t\t\t\t<div class=\"elementor-element elementor-element-79bfccd9 elementor-widget-divider--view-line elementor-invisible elementor-widget elementor-widget-divider\" data-id=\"79bfccd9\" data-element_type=\"widget\" data-e-type=\"widget\" data-settings=\"{&quot;_animation&quot;:&quot;fadeIn&quot;,&quot;_animation_delay&quot;:300}\" data-widget_type=\"divider.default\">\n\t\t\t\t<div class=\"elementor-widget-container\">\n\t\t\t\t\t\t\t<div class=\"elementor-divider\">\n\t\t\t<span class=\"elementor-divider-separator\">\n\t\t\t\t\t\t<\/span>\n\t\t<\/div>\n\t\t\t\t\t\t<\/div>\n\t\t\t\t<\/div>\n\t\t\t\t\t<\/div>\n\t\t<\/div>\n\t\t\t\t\t<\/div>\n\t\t<\/section>\n\t\t\t\t<\/div>","protected":false},"excerpt":{"rendered":"<p>CLE HAITI &#8220;Investing in people always pays the highest dividends for a society&#8221; Mary Coyle Senator from Nova Scotia Canada, and member of CLE\u2019s founding team<\/p>","protected":false},"author":4,"featured_media":0,"parent":0,"menu_order":0,"comment_status":"closed","ping_status":"closed","template":"elementor_header_footer","meta":{"give_campaign_id":0,"neve_meta_sidebar":"","neve_meta_container":"","neve_meta_enable_content_width":"","neve_meta_content_width":0,"neve_meta_title_alignment":"","neve_meta_author_avatar":"","neve_post_elements_order":"","neve_meta_disable_header":"","neve_meta_disable_footer":"","neve_meta_disable_title":"","footnotes":""},"class_list":["post-4678","page","type-page","status-publish","hentry"],"yoast_head":"<!-- This site is optimized with the Yoast SEO plugin v27.4 - https:\/\/yoast.com\/product\/yoast-seo-wordpress\/ -->\n<title>Map_Haiti - CLE HAITI<\/title>\n<meta name=\"robots\" content=\"index, follow, max-snippet:-1, max-image-preview:large, max-video-preview:-1\" \/>\n<link rel=\"canonical\" href=\"https:\/\/clehaiti.org\/fr\/map_haiti\/\" \/>\n<meta property=\"og:locale\" content=\"fr_FR\" \/>\n<meta property=\"og:type\" content=\"article\" \/>\n<meta property=\"og:title\" content=\"Map_Haiti - CLE HAITI\" \/>\n<meta property=\"og:description\" content=\"CLE HAITI &#8220;Investing in people always pays the highest dividends for a society&#8221; Mary Coyle Senator from Nova Scotia Canada, and member of CLE\u2019s founding team\" \/>\n<meta property=\"og:url\" content=\"https:\/\/clehaiti.org\/fr\/map_haiti\/\" \/>\n<meta property=\"og:site_name\" content=\"CLE HAITI\" \/>\n<meta property=\"article:modified_time\" content=\"2023-05-24T01:04:45+00:00\" \/>\n<meta name=\"twitter:card\" content=\"summary_large_image\" \/>\n<meta name=\"twitter:label1\" content=\"Dur\u00e9e de lecture estim\u00e9e\" \/>\n\t<meta name=\"twitter:data1\" content=\"1 minute\" \/>\n<script type=\"application\/ld+json\" class=\"yoast-schema-graph\">{\"@context\":\"https:\\\/\\\/schema.org\",\"@graph\":[{\"@type\":\"WebPage\",\"@id\":\"https:\\\/\\\/clehaiti.org\\\/map_haiti\\\/\",\"url\":\"https:\\\/\\\/clehaiti.org\\\/map_haiti\\\/\",\"name\":\"Map_Haiti - CLE HAITI\",\"isPartOf\":{\"@id\":\"https:\\\/\\\/clehaiti.org\\\/#website\"},\"datePublished\":\"2022-09-07T11:23:47+00:00\",\"dateModified\":\"2023-05-24T01:04:45+00:00\",\"breadcrumb\":{\"@id\":\"https:\\\/\\\/clehaiti.org\\\/map_haiti\\\/#breadcrumb\"},\"inLanguage\":\"fr-FR\",\"potentialAction\":[{\"@type\":\"ReadAction\",\"target\":[\"https:\\\/\\\/clehaiti.org\\\/map_haiti\\\/\"]}]},{\"@type\":\"BreadcrumbList\",\"@id\":\"https:\\\/\\\/clehaiti.org\\\/map_haiti\\\/#breadcrumb\",\"itemListElement\":[{\"@type\":\"ListItem\",\"position\":1,\"name\":\"Home\",\"item\":\"https:\\\/\\\/clehaiti.org\\\/\"},{\"@type\":\"ListItem\",\"position\":2,\"name\":\"Map_Haiti\"}]},{\"@type\":\"WebSite\",\"@id\":\"https:\\\/\\\/clehaiti.org\\\/#website\",\"url\":\"https:\\\/\\\/clehaiti.org\\\/\",\"name\":\"CLE HAITI\",\"description\":\"Building a Social Change Leadership Plan for Haiti\",\"publisher\":{\"@id\":\"https:\\\/\\\/clehaiti.org\\\/#organization\"},\"potentialAction\":[{\"@type\":\"SearchAction\",\"target\":{\"@type\":\"EntryPoint\",\"urlTemplate\":\"https:\\\/\\\/clehaiti.org\\\/?s={search_term_string}\"},\"query-input\":{\"@type\":\"PropertyValueSpecification\",\"valueRequired\":true,\"valueName\":\"search_term_string\"}}],\"inLanguage\":\"fr-FR\"},{\"@type\":\"Organization\",\"@id\":\"https:\\\/\\\/clehaiti.org\\\/#organization\",\"name\":\"CLE HAITI\",\"url\":\"https:\\\/\\\/clehaiti.org\\\/\",\"logo\":{\"@type\":\"ImageObject\",\"inLanguage\":\"fr-FR\",\"@id\":\"https:\\\/\\\/clehaiti.org\\\/#\\\/schema\\\/logo\\\/image\\\/\",\"url\":\"https:\\\/\\\/clehaiti.org\\\/wp-content\\\/uploads\\\/2021\\\/09\\\/cropped-cle_logo_combined_official-1.png\",\"contentUrl\":\"https:\\\/\\\/clehaiti.org\\\/wp-content\\\/uploads\\\/2021\\\/09\\\/cropped-cle_logo_combined_official-1.png\",\"width\":7671,\"height\":2476,\"caption\":\"CLE HAITI\"},\"image\":{\"@id\":\"https:\\\/\\\/clehaiti.org\\\/#\\\/schema\\\/logo\\\/image\\\/\"}}]}<\/script>\n<!-- \/ Yoast SEO plugin. -->","yoast_head_json":{"title":"Map_Haiti - CLE HAITI","robots":{"index":"index","follow":"follow","max-snippet":"max-snippet:-1","max-image-preview":"max-image-preview:large","max-video-preview":"max-video-preview:-1"},"canonical":"https:\/\/clehaiti.org\/fr\/map_haiti\/","og_locale":"fr_FR","og_type":"article","og_title":"Map_Haiti - CLE HAITI","og_description":"CLE HAITI &#8220;Investing in people always pays the highest dividends for a society&#8221; Mary Coyle Senator from Nova Scotia Canada, and member of CLE\u2019s founding team","og_url":"https:\/\/clehaiti.org\/fr\/map_haiti\/","og_site_name":"CLE HAITI","article_modified_time":"2023-05-24T01:04:45+00:00","twitter_card":"summary_large_image","twitter_misc":{"Dur\u00e9e de lecture estim\u00e9e":"1 minute"},"schema":{"@context":"https:\/\/schema.org","@graph":[{"@type":"WebPage","@id":"https:\/\/clehaiti.org\/map_haiti\/","url":"https:\/\/clehaiti.org\/map_haiti\/","name":"Map_Haiti - CLE HAITI","isPartOf":{"@id":"https:\/\/clehaiti.org\/#website"},"datePublished":"2022-09-07T11:23:47+00:00","dateModified":"2023-05-24T01:04:45+00:00","breadcrumb":{"@id":"https:\/\/clehaiti.org\/map_haiti\/#breadcrumb"},"inLanguage":"fr-FR","potentialAction":[{"@type":"ReadAction","target":["https:\/\/clehaiti.org\/map_haiti\/"]}]},{"@type":"BreadcrumbList","@id":"https:\/\/clehaiti.org\/map_haiti\/#breadcrumb","itemListElement":[{"@type":"ListItem","position":1,"name":"Home","item":"https:\/\/clehaiti.org\/"},{"@type":"ListItem","position":2,"name":"Map_Haiti"}]},{"@type":"WebSite","@id":"https:\/\/clehaiti.org\/#website","url":"https:\/\/clehaiti.org\/","name":"CLE HAITI","description":"\u00c9laboration d'un plan de leadership pour le changement social en Ha\u00efti","publisher":{"@id":"https:\/\/clehaiti.org\/#organization"},"potentialAction":[{"@type":"SearchAction","target":{"@type":"EntryPoint","urlTemplate":"https:\/\/clehaiti.org\/?s={search_term_string}"},"query-input":{"@type":"PropertyValueSpecification","valueRequired":true,"valueName":"search_term_string"}}],"inLanguage":"fr-FR"},{"@type":"Organization","@id":"https:\/\/clehaiti.org\/#organization","name":"CLE HAITI","url":"https:\/\/clehaiti.org\/","logo":{"@type":"ImageObject","inLanguage":"fr-FR","@id":"https:\/\/clehaiti.org\/#\/schema\/logo\/image\/","url":"https:\/\/clehaiti.org\/wp-content\/uploads\/2021\/09\/cropped-cle_logo_combined_official-1.png","contentUrl":"https:\/\/clehaiti.org\/wp-content\/uploads\/2021\/09\/cropped-cle_logo_combined_official-1.png","width":7671,"height":2476,"caption":"CLE HAITI"},"image":{"@id":"https:\/\/clehaiti.org\/#\/schema\/logo\/image\/"}}]}},"campaignId":"","_links":{"self":[{"href":"https:\/\/clehaiti.org\/fr\/wp-json\/wp\/v2\/pages\/4678","targetHints":{"allow":["GET"]}}],"collection":[{"href":"https:\/\/clehaiti.org\/fr\/wp-json\/wp\/v2\/pages"}],"about":[{"href":"https:\/\/clehaiti.org\/fr\/wp-json\/wp\/v2\/types\/page"}],"author":[{"embeddable":true,"href":"https:\/\/clehaiti.org\/fr\/wp-json\/wp\/v2\/users\/4"}],"replies":[{"embeddable":true,"href":"https:\/\/clehaiti.org\/fr\/wp-json\/wp\/v2\/comments?post=4678"}],"version-history":[{"count":38,"href":"https:\/\/clehaiti.org\/fr\/wp-json\/wp\/v2\/pages\/4678\/revisions"}],"predecessor-version":[{"id":5168,"href":"https:\/\/clehaiti.org\/fr\/wp-json\/wp\/v2\/pages\/4678\/revisions\/5168"}],"wp:attachment":[{"href":"https:\/\/clehaiti.org\/fr\/wp-json\/wp\/v2\/media?parent=4678"}],"curies":[{"name":"wp","href":"https:\/\/api.w.org\/{rel}","templated":true}]}}